{"id":5290,"date":"2024-01-22T20:07:50","date_gmt":"2024-01-22T20:07:50","guid":{"rendered":"http:\/\/mywatershedwatch.org\/ngay-trai-dat\/"},"modified":"2024-01-22T20:54:22","modified_gmt":"2024-01-22T20:54:22","slug":"ngay-trai-dat","status":"publish","type":"page","link":"https:\/\/mywatershedwatch.org\/vi\/ngay-trai-dat\/","title":{"rendered":"Ng\u00e0y Tr\u00e1i \u0110\u1ea5t"},"content":{"rendered":"\n<figure class=\"wp-block-image alignfull size-large\"><img loading=\"lazy\" decoding=\"async\" width=\"1024\" height=\"987\" src=\"http:\/\/mywatershedwatch.org\/wp-content\/uploads\/2024\/01\/WW-Earth-Day-Logo-1024x987.png\" alt=\"\" class=\"wp-image-5282\" srcset=\"https:\/\/mywatershedwatch.org\/wp-content\/uploads\/2024\/01\/WW-Earth-Day-Logo-1024x987.png 1024w, https:\/\/mywatershedwatch.org\/wp-content\/uploads\/2024\/01\/WW-Earth-Day-Logo-300x289.png 300w, https:\/\/mywatershedwatch.org\/wp-content\/uploads\/2024\/01\/WW-Earth-Day-Logo-768x740.png 768w, https:\/\/mywatershedwatch.org\/wp-content\/uploads\/2024\/01\/WW-Earth-Day-Logo.png 1372w\" sizes=\"auto, (max-width: 1024px) 100vw, 1024px\" \/><\/figure>\n\n<h2 class=\"wp-block-heading\">H\u00e3y g\u00e2y \u1ea5n t\u01b0\u1ee3ng v\u00e0 chia s\u1ebb t\u1ea7m nh\u00ecn c\u1ee7a b\u1ea1n!<\/h2>\n\n<p class=\"is-style-body-medium has-medium-font-size\">Tham gia Th\u1eed th\u00e1ch \u00e1p ph\u00edch Ng\u00e0y Tr\u00e1i \u0111\u1ea5t theo d\u00f5i \u0111\u1ea7u ngu\u1ed3n \u0111\u1ec3 chia s\u1ebb t\u1ea7m nh\u00ecn s\u00e1ng t\u1ea1o c\u1ee7a b\u1ea1n v\u1ec1 \u0111\u01b0\u1eddng th\u1ee7y s\u1ea1ch \u1edf Thung l\u0169ng Santa Clara. Ng\u01b0\u1eddi chi\u1ebfn th\u1eafng \u1edf m\u1ed7i nh\u00f3m l\u1edbp s\u1ebd nh\u1eadn \u0111\u01b0\u1ee3c gi\u1ea3i th\u01b0\u1edfng ti\u1ec1n m\u1eb7t: $250 cho v\u1ecb tr\u00ed th\u1ee9 nh\u1ea5t v\u00e0 $150 cho v\u1ecb tr\u00ed th\u1ee9 hai! T\u00e1c ph\u1ea9m ngh\u1ec7 thu\u1eadt \u0111o\u1ea1t gi\u1ea3i s\u1ebd \u0111\u01b0\u1ee3c gi\u1edbi thi\u1ec7u trong c\u00e1c ch\u01b0\u01a1ng tr\u00ecnh khuy\u1ebfn m\u00e3i tr\u00ean m\u1ea1ng x\u00e3 h\u1ed9i trong t\u01b0\u01a1ng lai nh\u1eb1m gi\u00fap gi\u1ea3m thi\u1ec3u vi\u1ec7c ng\u0103n ng\u1eeba \u00f4 nhi\u1ec5m ngu\u1ed3n n\u01b0\u1edbc.<\/p>\n\n<p class=\"is-style-body-medium has-medium-font-size\"><strong>THAM GIA TR\u01af\u1edaC ng\u00e0y 18 th\u00e1ng 3 n\u0103m 2024.<\/strong><\/p>\n\n<p class=\"is-style-body-large has-large-font-size\">Ch\u1ecdn m\u1ed9t trong nh\u1eefng c\u00e2u h\u1ecfi sau \u0111\u1ec3 tr\u1ea3 l\u1eddi trong t\u00e1c ph\u1ea9m ngh\u1ec7 thu\u1eadt c\u1ee7a b\u1ea1n:  <\/p>\n\n<ul class=\"wp-block-list\">\n<li class=\"has-medium-font-size\">L\u00e0m th\u1ebf n\u00e0o B\u1ea0N c\u00f3 th\u1ec3 ng\u0103n ng\u1eeba \u00f4 nhi\u1ec5m n\u01b0\u1edbc? H\u00e3y xem trang web Watershed Watch \u0111\u1ec3 t\u00ecm c\u1ea3m h\u1ee9ng.<\/li>\n\n\n\n<li class=\"has-medium-font-size\">B\u1ea0N y\u00eau th\u00edch \u0111i\u1ec1u g\u00ec \u1edf tuy\u1ebfn \u0111\u01b0\u1eddng th\u1ee7y \u0111\u1ecba ph\u01b0\u01a1ng (l\u1ea1ch, s\u00f4ng, h\u1ed3)?<\/li>\n<\/ul>\n\n<p class=\"is-style-body-large has-large-font-size\">C\u00e1c b\u00e0i d\u1ef1 thi s\u1ebd \u0111\u01b0\u1ee3c \u0111\u00e1nh gi\u00e1 v\u00e0 trao gi\u1ea3i theo ba khung:  <\/p>\n\n<ul class=\"wp-block-list\">\n<li class=\"has-medium-font-size\">K \u2013 l\u1edbp 2  <\/li>\n\n\n\n<li class=\"has-medium-font-size\">l\u1edbp 3 \u2013 l\u1edbp 5  <\/li>\n\n\n\n<li class=\"has-medium-font-size\">l\u1edbp 6 \u2013 l\u1edbp 8  <\/li>\n<\/ul>\n\n<p class=\"is-style-body-large has-large-font-size\">T\u00e1c ph\u1ea9m ngh\u1ec7 thu\u1eadt s\u1ebd \u0111\u01b0\u1ee3c \u0111\u00e1nh gi\u00e1 d\u1ef1a tr\u00ean c\u00e1c ti\u00eau ch\u00ed sau:  <\/p>\n\n<ul class=\"wp-block-list\">\n<li class=\"has-medium-font-size\">T\u00ednh \u0111\u1ed9c \u0111\u00e1o  <\/li>\n\n\n\n<li class=\"has-medium-font-size\">Trong tr\u1ebbo<\/li>\n\n\n\n<li class=\"has-medium-font-size\">Bi\u1ec3u hi\u1ec7n c\u1ee7a ch\u1ee7 \u0111\u1ec1  <\/li>\n<\/ul>\n","protected":false},"excerpt":{"rendered":"<p>H\u00e3y g\u00e2y \u1ea5n t\u01b0\u1ee3ng v\u00e0 chia s\u1ebb t\u1ea7m nh\u00ecn c\u1ee7a b\u1ea1n! Tham gia Th\u1eed th\u00e1ch \u00e1p ph\u00edch Ng\u00e0y Tr\u00e1i \u0111\u1ea5t theo d\u00f5i \u0111\u1ea7u ngu\u1ed3n \u0111\u1ec3 chia s\u1ebb t\u1ea7m nh\u00ecn s\u00e1ng t\u1ea1o c\u1ee7a b\u1ea1n v\u1ec1 \u0111\u01b0\u1eddng th\u1ee7y s\u1ea1ch \u1edf Thung l\u0169ng Santa Clara. Ng\u01b0\u1eddi chi\u1ebfn th\u1eafng \u1edf m\u1ed7i nh\u00f3m l\u1edbp s\u1ebd nh\u1eadn \u0111\u01b0\u1ee3c gi\u1ea3i th\u01b0\u1edfng ti\u1ec1n [&hellip;]<\/p>\n","protected":false},"author":3,"featured_media":0,"parent":0,"menu_order":0,"comment_status":"closed","ping_status":"closed","template":"","meta":{"_acf_changed":false,"footnotes":""},"class_list":["post-5290","page","type-page","status-publish","hentry"],"acf":[],"aioseo_notices":[],"_links":{"self":[{"href":"https:\/\/mywatershedwatch.org\/vi\/wp-json\/wp\/v2\/pages\/5290","targetHints":{"allow":["GET"]}}],"collection":[{"href":"https:\/\/mywatershedwatch.org\/vi\/wp-json\/wp\/v2\/pages"}],"about":[{"href":"https:\/\/mywatershedwatch.org\/vi\/wp-json\/wp\/v2\/types\/page"}],"author":[{"embeddable":true,"href":"https:\/\/mywatershedwatch.org\/vi\/wp-json\/wp\/v2\/users\/3"}],"replies":[{"embeddable":true,"href":"https:\/\/mywatershedwatch.org\/vi\/wp-json\/wp\/v2\/comments?post=5290"}],"version-history":[{"count":0,"href":"https:\/\/mywatershedwatch.org\/vi\/wp-json\/wp\/v2\/pages\/5290\/revisions"}],"wp:attachment":[{"href":"https:\/\/mywatershedwatch.org\/vi\/wp-json\/wp\/v2\/media?parent=5290"}],"curies":[{"name":"wp","href":"https:\/\/api.w.org\/{rel}","templated":true}]}}