{"id":4595,"date":"2024-01-16T19:34:55","date_gmt":"2024-01-16T19:34:55","guid":{"rendered":"http:\/\/mywatershedwatch.org\/tro-thanh-nguoi-lam-vuon-xanh\/"},"modified":"2024-04-03T15:38:38","modified_gmt":"2024-04-03T15:38:38","slug":"tro-thanh-nguoi-lam-vuon-xanh","status":"publish","type":"page","link":"https:\/\/mywatershedwatch.org\/vi\/tro-thanh-nguoi-lam-vuon-xanh\/","title":{"rendered":"Tr\u1edf th\u00e0nh Ng\u01b0\u1eddi l\u00e0m v\u01b0\u1eddn xanh"},"content":{"rendered":"\n<p class=\"has-large-font-size\"><strong>Ch\u01b0\u01a1ng tr\u00ecnh \u0111\u00e0o t\u1ea1o ng\u01b0\u1eddi l\u00e0m v\u01b0\u1eddn xanh t\u1ea1i Thung l\u0169ng Santa Clara<\/strong><\/p>\n\n<p class=\"is-style-body-large has-large-font-size\">N\u1ebfu b\u1ea1n l\u00e0 ng\u01b0\u1eddi l\u00e0m v\u01b0\u1eddn chuy\u00ean nghi\u1ec7p ho\u1eb7c nh\u00e2n vi\u00ean b\u1ea3o tr\u00ec c\u1ea3nh quan \u0111ang mu\u1ed1n h\u1ecdc c\u00e1ch ti\u1ebft ki\u1ec7m n\u01b0\u1edbc, b\u1ea3o v\u1ec7 \u0111\u1ea5t, gi\u1ea3m s\u1eed d\u1ee5ng thu\u1ed1c tr\u1eeb s\u00e2u, t\u1ea1o m\u00f4i tr\u01b0\u1eddng l\u00e0m vi\u1ec7c l\u00e0nh m\u1ea1nh h\u01a1n v\u00e0 m\u1edf r\u1ed9ng tri\u1ec3n v\u1ecdng kinh doanh c\u1ee7a m\u00ecnh, b\u1ea1n n\u00ean c\u00e2n nh\u1eafc tham d\u1ef1 Ng\u01b0\u1eddi l\u00e0m v\u01b0\u1eddn xanh \u1edf Thung l\u0169ng Santa Clara \u0110\u00e0o t\u1ea1o.  <\/p>\n\n<figure class=\"wp-block-image size-large\"><img loading=\"lazy\" decoding=\"async\" width=\"1024\" height=\"708\" src=\"https:\/\/mywatershedwatch.org\/wp-content\/uploads\/2024\/01\/GG-Flyer_iStock-1173342162-1024x708.jpg\" alt=\"\" class=\"wp-image-4616\" srcset=\"https:\/\/mywatershedwatch.org\/wp-content\/uploads\/2024\/01\/GG-Flyer_iStock-1173342162-1024x708.jpg 1024w, https:\/\/mywatershedwatch.org\/wp-content\/uploads\/2024\/01\/GG-Flyer_iStock-1173342162-300x207.jpg 300w, https:\/\/mywatershedwatch.org\/wp-content\/uploads\/2024\/01\/GG-Flyer_iStock-1173342162-768x531.jpg 768w, https:\/\/mywatershedwatch.org\/wp-content\/uploads\/2024\/01\/GG-Flyer_iStock-1173342162-1536x1062.jpg 1536w, https:\/\/mywatershedwatch.org\/wp-content\/uploads\/2024\/01\/GG-Flyer_iStock-1173342162-scaled.jpg 2048w\" sizes=\"auto, (max-width: 1024px) 100vw, 1024px\" \/><\/figure>\n\n<p class=\"is-style-body-medium has-medium-font-size\">M\u1ed7i kh\u00f3a \u0111\u00e0o t\u1ea1o bao g\u1ed3m 10 l\u1edbp (m\u1ed9t l\u1edbp \u0111\u01b0\u1ee3c t\u1ed5 ch\u1ee9c m\u1ed7i tu\u1ea7n). C\u00e1c l\u1edbp h\u1ecdc \u0111\u01b0\u1ee3c d\u1ea1y b\u1eb1ng ti\u1ebfng Anh.<\/p>\n\n<p class=\"is-style-body-medium has-medium-font-size\">Nh\u1eefng ng\u01b0\u1eddi l\u00e0m v\u01b0\u1eddn chuy\u00ean nghi\u1ec7p v\u00e0 chuy\u00ean gia b\u1ea3o tr\u00ec c\u1ea3nh quan tham d\u1ef1 80% c\u00e1c l\u1edbp h\u1ecdc v\u00e0 ho\u00e0n th\u00e0nh k\u1ef3 thi s\u1ebd nh\u1eadn \u0111\u01b0\u1ee3c ch\u1ee9ng ch\u1ec9 ho\u00e0n th\u00e0nh v\u00e0 Th\u1ebb Ng\u01b0\u1eddi l\u00e0m v\u01b0\u1eddn Xanh t\u1ea1i Thung l\u0169ng Santa Clara.<\/p>\n\n<div class=\"wp-block-columns is-layout-flex wp-container-core-columns-is-layout-9d6595d7 wp-block-columns-is-layout-flex\">\n<div class=\"wp-block-column is-layout-flow wp-block-column-is-layout-flow\">\n<p class=\"is-style-body-large has-large-font-size\">Ng\u00e0y &amp; \u0110\u0103ng k\u00fd<\/p>\n\n\n\n<p class=\"is-style-body-medium has-medium-font-size\">Kh\u00f3a \u0111\u00e0o t\u1ea1o Ng\u01b0\u1eddi l\u00e0m v\u01b0\u1eddn xanh ti\u1ebfp theo s\u1ebd \u0111\u01b0\u1ee3c t\u1ed5 ch\u1ee9c v\u00e0o M\u00f9a thu n\u0103m 2024. Vui l\u00f2ng g\u1eedi th\u00f4ng tin li\u00ean h\u1ec7 c\u1ee7a b\u1ea1n <a href=\"https:\/\/mywatershedwatch.org\/vi\/lien-he\/\" target=\"_blank\" rel=\"noopener\" title=\"&#x111;&#xE2;y\">t\u1ea1i \u0111\u00e2y<\/a> v\u00e0 ch\u00fang t\u00f4i s\u1ebd g\u1eedi cho b\u1ea1n th\u00f4ng tin \u0111\u0103ng k\u00fd.  <\/p>\n<\/div>\n\n\n\n<div class=\"wp-block-column is-layout-flow wp-block-column-is-layout-flow\">\n<figure class=\"wp-block-image size-large\"><img loading=\"lazy\" decoding=\"async\" width=\"1024\" height=\"365\" src=\"https:\/\/mywatershedwatch.org\/wp-content\/uploads\/2024\/01\/Santa-Clara-Logo-Green-Gardener-Color-Positive-RGB-Pixel-1024x365.png\" alt=\"\" class=\"wp-image-4640\" srcset=\"https:\/\/mywatershedwatch.org\/wp-content\/uploads\/2024\/01\/Santa-Clara-Logo-Green-Gardener-Color-Positive-RGB-Pixel-1024x365.png 1024w, https:\/\/mywatershedwatch.org\/wp-content\/uploads\/2024\/01\/Santa-Clara-Logo-Green-Gardener-Color-Positive-RGB-Pixel-300x107.png 300w, https:\/\/mywatershedwatch.org\/wp-content\/uploads\/2024\/01\/Santa-Clara-Logo-Green-Gardener-Color-Positive-RGB-Pixel-768x274.png 768w, https:\/\/mywatershedwatch.org\/wp-content\/uploads\/2024\/01\/Santa-Clara-Logo-Green-Gardener-Color-Positive-RGB-Pixel-1536x547.png 1536w, https:\/\/mywatershedwatch.org\/wp-content\/uploads\/2024\/01\/Santa-Clara-Logo-Green-Gardener-Color-Positive-RGB-Pixel.png 2048w\" sizes=\"auto, (max-width: 1024px) 100vw, 1024px\" \/><\/figure>\n<\/div>\n<\/div>\n\n<p class=\"is-style-body-large has-large-font-size\">H\u1ecdc:<\/p>\n\n<ul class=\"is-style-body-medium has-medium-font-size wp-block-list\">\n<li class=\"has-medium-font-size\">Thi\u1ebft k\u1ebf v\u00e0 s\u1eeda ch\u1eefa h\u1ec7 th\u1ed1ng t\u01b0\u1edbi phun m\u01b0a, t\u01b0\u1edbi nh\u1ecf gi\u1ecdt<\/li>\n\n\n\n<li class=\"has-medium-font-size\">L\u1ef1a ch\u1ecdn c\u00e2y tr\u1ed3ng ph\u00f9 h\u1ee3p \u0111\u1ec3 ti\u1ebft ki\u1ec7m n\u01b0\u1edbc, gi\u1ea3m s\u1eed d\u1ee5ng thu\u1ed1c tr\u1eeb s\u00e2u v\u00e0 ph\u00e2n b\u00f3n<\/li>\n\n\n\n<li class=\"has-medium-font-size\">Gi\u1ea3i quy\u1ebft v\u1ea5n \u0111\u1ec1 s\u00e2u b\u1ec7nh m\u00e0 kh\u00f4ng s\u1eed d\u1ee5ng thu\u1ed1c tr\u1eeb s\u00e2u \u0111\u1ed9c h\u1ea1i<\/li>\n\n\n\n<li class=\"has-medium-font-size\">C\u1eaft t\u1ec9a \u0111\u00fang c\u00e1ch<\/li>\n\n\n\n<li class=\"has-medium-font-size\">S\u1eed d\u1ee5ng ph\u00e2n tr\u1ed9n v\u00e0 l\u1edbp ph\u1ee7 \u0111\u1ec3 nu\u00f4i \u0111\u1ea5t m\u1ed9t c\u00e1ch t\u1ef1 nhi\u00ean v\u00e0 b\u1ea3o v\u1ec7 c\u00e2y tr\u1ed3ng<\/li>\n\n\n\n<li class=\"has-medium-font-size\">NH\u1eacN \u0110\u01af\u1ee2C:\n<ul class=\"wp-block-list\">\n<li class=\"has-medium-font-size\">Ch\u1ee9ng nh\u1eadn Ho\u00e0n th\u00e0nh v\u00e0 Th\u1ebb Ng\u01b0\u1eddi l\u00e0m v\u01b0\u1eddn Xanh<\/li>\n\n\n\n<li class=\"has-medium-font-size\">Qu\u1ea3ng c\u00e1o mi\u1ec5n ph\u00ed tr\u00ean c\u00e1c trang web l\u00e0m v\u01b0\u1eddn \u0111\u1ecba ph\u01b0\u01a1ng<br\/><a href=\"http:\/\/mywatershedwatch.org\/find-a-green-gardener\/\" title=\"\">T\u00ecm ng\u01b0\u1eddi l\u00e0m v\u01b0\u1eddn xanh<\/a><br\/><a href=\"http:\/\/mgsantaclara.ucanr.edu\/community-programs\/\" target=\"_blank\" rel=\"noreferrer noopener\">http:\/\/mgsantaclara.ucanr.edu\/community-programs\/<\/a><\/li>\n<\/ul>\n<\/li>\n<\/ul>\n","protected":false},"excerpt":{"rendered":"<p>Ch\u01b0\u01a1ng tr\u00ecnh \u0111\u00e0o t\u1ea1o ng\u01b0\u1eddi l\u00e0m v\u01b0\u1eddn xanh t\u1ea1i Thung l\u0169ng Santa Clara N\u1ebfu b\u1ea1n l\u00e0 ng\u01b0\u1eddi l\u00e0m v\u01b0\u1eddn chuy\u00ean nghi\u1ec7p ho\u1eb7c nh\u00e2n vi\u00ean b\u1ea3o tr\u00ec c\u1ea3nh quan \u0111ang mu\u1ed1n h\u1ecdc c\u00e1ch ti\u1ebft ki\u1ec7m n\u01b0\u1edbc, b\u1ea3o v\u1ec7 \u0111\u1ea5t, gi\u1ea3m s\u1eed d\u1ee5ng thu\u1ed1c tr\u1eeb s\u00e2u, t\u1ea1o m\u00f4i tr\u01b0\u1eddng l\u00e0m vi\u1ec7c l\u00e0nh m\u1ea1nh h\u01a1n v\u00e0 m\u1edf r\u1ed9ng [&hellip;]<\/p>\n","protected":false},"author":3,"featured_media":0,"parent":0,"menu_order":0,"comment_status":"closed","ping_status":"closed","template":"","meta":{"_acf_changed":false,"footnotes":""},"class_list":["post-4595","page","type-page","status-publish","hentry"],"acf":[],"aioseo_notices":[],"_links":{"self":[{"href":"https:\/\/mywatershedwatch.org\/vi\/wp-json\/wp\/v2\/pages\/4595","targetHints":{"allow":["GET"]}}],"collection":[{"href":"https:\/\/mywatershedwatch.org\/vi\/wp-json\/wp\/v2\/pages"}],"about":[{"href":"https:\/\/mywatershedwatch.org\/vi\/wp-json\/wp\/v2\/types\/page"}],"author":[{"embeddable":true,"href":"https:\/\/mywatershedwatch.org\/vi\/wp-json\/wp\/v2\/users\/3"}],"replies":[{"embeddable":true,"href":"https:\/\/mywatershedwatch.org\/vi\/wp-json\/wp\/v2\/comments?post=4595"}],"version-history":[{"count":4,"href":"https:\/\/mywatershedwatch.org\/vi\/wp-json\/wp\/v2\/pages\/4595\/revisions"}],"predecessor-version":[{"id":6190,"href":"https:\/\/mywatershedwatch.org\/vi\/wp-json\/wp\/v2\/pages\/4595\/revisions\/6190"}],"wp:attachment":[{"href":"https:\/\/mywatershedwatch.org\/vi\/wp-json\/wp\/v2\/media?parent=4595"}],"curies":[{"name":"wp","href":"https:\/\/api.w.org\/{rel}","templated":true}]}}