{"id":2602,"date":"2023-12-19T00:26:42","date_gmt":"2023-12-19T00:26:42","guid":{"rendered":"http:\/\/mywatershedwatch.org\/doi-tac-va-giam-gia\/"},"modified":"2024-02-03T02:14:51","modified_gmt":"2024-02-03T02:14:51","slug":"doi-tac-va-giam-gia","status":"publish","type":"page","link":"https:\/\/mywatershedwatch.org\/vi\/doi-tac-va-giam-gia\/","title":{"rendered":"\u0110\u1ed1i t\u00e1c v\u00e0 Gi\u1ea3m gi\u00e1"},"content":{"rendered":"\n<p class=\"is-style-body-large has-large-font-size\">Chi\u1ebfn d\u1ecbch Watershed Watch \u0111\u01b0\u1ee3c th\u1ef1c hi\u1ec7n th\u00f4ng qua quan h\u1ec7 \u0111\u1ed1i t\u00e1c v\u1edbi c\u00e1c t\u1ed5 ch\u1ee9c t\u01b0 nh\u00e2n, phi l\u1ee3i nhu\u1eadn, ch\u00ednh ph\u1ee7 v\u00e0 truy\u1ec1n th\u00f4ng.  <\/p>\n\n<figure class=\"wp-block-image alignfull size-large\"><img loading=\"lazy\" decoding=\"async\" width=\"1024\" height=\"683\" src=\"https:\/\/mywatershedwatch.org\/wp-content\/uploads\/2023\/12\/avocet-at-alviso-marsh-1024x683.jpg\" alt=\"\" class=\"wp-image-958\" srcset=\"https:\/\/mywatershedwatch.org\/wp-content\/uploads\/2023\/12\/avocet-at-alviso-marsh-1024x683.jpg 1024w, https:\/\/mywatershedwatch.org\/wp-content\/uploads\/2023\/12\/avocet-at-alviso-marsh-300x200.jpg 300w, https:\/\/mywatershedwatch.org\/wp-content\/uploads\/2023\/12\/avocet-at-alviso-marsh-768x512.jpg 768w, https:\/\/mywatershedwatch.org\/wp-content\/uploads\/2023\/12\/avocet-at-alviso-marsh-1536x1024.jpg 1536w, https:\/\/mywatershedwatch.org\/wp-content\/uploads\/2023\/12\/avocet-at-alviso-marsh-scaled.jpg 2048w\" sizes=\"auto, (max-width: 1024px) 100vw, 1024px\" \/><\/figure>\n\n<p class=\"is-style-body-medium has-medium-font-size\">B\u1ea1n mu\u1ed1n tr\u1edf th\u00e0nh \u0111\u1ed1i t\u00e1c v\u00e0 cho kh\u00e1ch h\u00e0ng bi\u1ebft b\u1ea1n quan t\u00e2m \u0111\u1ebfn \u00f4 nhi\u1ec5m n\u01b0\u1edbc? \u0110\u1ec3 bi\u1ebft th\u00eam th\u00f4ng tin, <a href=\"https:\/\/www.mywatershedwatch.org\/contact-us\/\">h\u00e3y li\u00ean h\u1ec7 v\u1edbi ch\u00fang t\u00f4i<\/a> \u0111\u1ec3 th\u1ea3o lu\u1eadn v\u1ec1 c\u00e1ch ch\u00fang ta c\u00f3 th\u1ec3 h\u1ee3p t\u00e1c.<\/p>\n","protected":false},"excerpt":{"rendered":"<p>Chi\u1ebfn d\u1ecbch Watershed Watch \u0111\u01b0\u1ee3c th\u1ef1c hi\u1ec7n th\u00f4ng qua quan h\u1ec7 \u0111\u1ed1i t\u00e1c v\u1edbi c\u00e1c t\u1ed5 ch\u1ee9c t\u01b0 nh\u00e2n, phi l\u1ee3i nhu\u1eadn, ch\u00ednh ph\u1ee7 v\u00e0 truy\u1ec1n th\u00f4ng. B\u1ea1n mu\u1ed1n tr\u1edf th\u00e0nh \u0111\u1ed1i t\u00e1c v\u00e0 cho kh\u00e1ch h\u00e0ng bi\u1ebft b\u1ea1n quan t\u00e2m \u0111\u1ebfn \u00f4 nhi\u1ec5m n\u01b0\u1edbc? \u0110\u1ec3 bi\u1ebft th\u00eam th\u00f4ng tin, h\u00e3y li\u00ean h\u1ec7 v\u1edbi ch\u00fang [&hellip;]<\/p>\n","protected":false},"author":3,"featured_media":0,"parent":0,"menu_order":3,"comment_status":"closed","ping_status":"closed","template":"","meta":{"_acf_changed":false,"footnotes":""},"class_list":["post-2602","page","type-page","status-publish","hentry"],"acf":[],"aioseo_notices":[],"_links":{"self":[{"href":"https:\/\/mywatershedwatch.org\/vi\/wp-json\/wp\/v2\/pages\/2602","targetHints":{"allow":["GET"]}}],"collection":[{"href":"https:\/\/mywatershedwatch.org\/vi\/wp-json\/wp\/v2\/pages"}],"about":[{"href":"https:\/\/mywatershedwatch.org\/vi\/wp-json\/wp\/v2\/types\/page"}],"author":[{"embeddable":true,"href":"https:\/\/mywatershedwatch.org\/vi\/wp-json\/wp\/v2\/users\/3"}],"replies":[{"embeddable":true,"href":"https:\/\/mywatershedwatch.org\/vi\/wp-json\/wp\/v2\/comments?post=2602"}],"version-history":[{"count":2,"href":"https:\/\/mywatershedwatch.org\/vi\/wp-json\/wp\/v2\/pages\/2602\/revisions"}],"predecessor-version":[{"id":6084,"href":"https:\/\/mywatershedwatch.org\/vi\/wp-json\/wp\/v2\/pages\/2602\/revisions\/6084"}],"wp:attachment":[{"href":"https:\/\/mywatershedwatch.org\/vi\/wp-json\/wp\/v2\/media?parent=2602"}],"curies":[{"name":"wp","href":"https:\/\/api.w.org\/{rel}","templated":true}]}}