{"id":2570,"date":"2023-12-26T23:37:36","date_gmt":"2023-12-26T23:37:36","guid":{"rendered":"http:\/\/mywatershedwatch.org\/tim-nguoi-lam-vuon-xanh\/"},"modified":"2024-01-18T19:14:14","modified_gmt":"2024-01-18T19:14:14","slug":"tim-nguoi-lam-vuon-xanh","status":"publish","type":"page","link":"https:\/\/mywatershedwatch.org\/vi\/tim-nguoi-lam-vuon-xanh\/","title":{"rendered":"T\u00ecm ng\u01b0\u1eddi l\u00e0m v\u01b0\u1eddn xanh"},"content":{"rendered":"\n<div class=\"wp-block-columns is-layout-flex wp-container-core-columns-is-layout-9d6595d7 wp-block-columns-is-layout-flex\">\n<div class=\"wp-block-column is-layout-flow wp-block-column-is-layout-flow\">\n<p class=\"is-style-body-large\">Ng\u01b0\u1eddi l\u00e0m v\u01b0\u1eddn c\u1ee7a b\u1ea1n c\u00f3 ph\u1ea3i l\u00e0 Ng\u01b0\u1eddi l\u00e0m v\u01b0\u1eddn xanh kh\u00f4ng?<\/p>\n\n\n\n<p class=\"is-style-body-medium\">Thu\u00ea Ng\u01b0\u1eddi l\u00e0m v\u01b0\u1eddn xanh \u1edf Thung l\u0169ng Santa Clara \u0111\u1ec3 duy tr\u00ec khu v\u01b0\u1eddn c\u1ee7a b\u1ea1n b\u1eb1ng c\u00e1c ph\u01b0\u01a1ng ph\u00e1p b\u1ea3o tr\u00ec c\u1ea3nh quan b\u1ec1n v\u1eefng.<\/p>\n\n\n\n<p class=\"is-style-body-medium\">Nh\u1eefng ng\u01b0\u1eddi l\u00e0m v\u01b0\u1eddn xanh \u1edf Thung l\u0169ng Santa Clara \u0111\u00e3 \u0111\u01b0\u1ee3c \u0111\u00e0o t\u1ea1o \u0111\u1ec3:<\/p>\n\n\n\n<ul class=\"is-style-body-medium wp-block-list\">\n<li>S\u1eed d\u1ee5ng t\u00e0i nguy\u00ean m\u1ed9t c\u00e1ch kh\u00f4n ngoan<\/li>\n\n\n\n<li>ti\u1ebft ki\u1ec7m n\u01b0\u1edbc<\/li>\n\n\n\n<li>b\u1ea3o v\u1ec7 \u0111\u1ea5t<\/li>\n\n\n\n<li>C\u1ea3i thi\u1ec7n s\u1ee9c kh\u1ecfe, di\u1ec7n m\u1ea1o v\u00e0 gi\u00e1 tr\u1ecb c\u1ee7a c\u1ea3nh quan.<\/li>\n\n\n\n<li>Gi\u1ea3m d\u00f2ng ch\u1ea3y \u0111\u00f4 th\u1ecb v\u00e0 \u00f4 nhi\u1ec5m n\u01b0\u1edbc m\u01b0a t\u1eeb c\u00e1c ho\u1ea1t \u0111\u1ed9ng b\u1ea3o tr\u00ec c\u1ea3nh quan.<\/li>\n<\/ul>\n<\/div>\n\n\n\n<div class=\"wp-block-column is-layout-flow wp-block-column-is-layout-flow\">\n<figure class=\"wp-block-image size-large\"><img loading=\"lazy\" decoding=\"async\" width=\"925\" height=\"1024\" src=\"https:\/\/mywatershedwatch.org\/wp-content\/uploads\/2023\/12\/kenny-eliason-zFSo6bnZJTw-unsplash-1@2x-925x1024.jpg\" alt=\"\" class=\"wp-image-1038\" srcset=\"https:\/\/mywatershedwatch.org\/wp-content\/uploads\/2023\/12\/kenny-eliason-zFSo6bnZJTw-unsplash-1@2x-925x1024.jpg 925w, https:\/\/mywatershedwatch.org\/wp-content\/uploads\/2023\/12\/kenny-eliason-zFSo6bnZJTw-unsplash-1@2x-271x300.jpg 271w, https:\/\/mywatershedwatch.org\/wp-content\/uploads\/2023\/12\/kenny-eliason-zFSo6bnZJTw-unsplash-1@2x-768x851.jpg 768w, https:\/\/mywatershedwatch.org\/wp-content\/uploads\/2023\/12\/kenny-eliason-zFSo6bnZJTw-unsplash-1@2x.jpg 1134w\" sizes=\"auto, (max-width: 925px) 100vw, 925px\" \/><\/figure>\n<\/div>\n<\/div>\n","protected":false},"excerpt":{"rendered":"<p>Ng\u01b0\u1eddi l\u00e0m v\u01b0\u1eddn c\u1ee7a b\u1ea1n c\u00f3 ph\u1ea3i l\u00e0 Ng\u01b0\u1eddi l\u00e0m v\u01b0\u1eddn xanh kh\u00f4ng? Thu\u00ea Ng\u01b0\u1eddi l\u00e0m v\u01b0\u1eddn xanh \u1edf Thung l\u0169ng Santa Clara \u0111\u1ec3 duy tr\u00ec khu v\u01b0\u1eddn c\u1ee7a b\u1ea1n b\u1eb1ng c\u00e1c ph\u01b0\u01a1ng ph\u00e1p b\u1ea3o tr\u00ec c\u1ea3nh quan b\u1ec1n v\u1eefng. Nh\u1eefng ng\u01b0\u1eddi l\u00e0m v\u01b0\u1eddn xanh \u1edf Thung l\u0169ng Santa Clara \u0111\u00e3 \u0111\u01b0\u1ee3c \u0111\u00e0o t\u1ea1o \u0111\u1ec3:<\/p>\n","protected":false},"author":3,"featured_media":0,"parent":0,"menu_order":0,"comment_status":"closed","ping_status":"closed","template":"","meta":{"_acf_changed":false,"footnotes":""},"class_list":["post-2570","page","type-page","status-publish","hentry"],"acf":[],"aioseo_notices":[],"_links":{"self":[{"href":"https:\/\/mywatershedwatch.org\/vi\/wp-json\/wp\/v2\/pages\/2570","targetHints":{"allow":["GET"]}}],"collection":[{"href":"https:\/\/mywatershedwatch.org\/vi\/wp-json\/wp\/v2\/pages"}],"about":[{"href":"https:\/\/mywatershedwatch.org\/vi\/wp-json\/wp\/v2\/types\/page"}],"author":[{"embeddable":true,"href":"https:\/\/mywatershedwatch.org\/vi\/wp-json\/wp\/v2\/users\/3"}],"replies":[{"embeddable":true,"href":"https:\/\/mywatershedwatch.org\/vi\/wp-json\/wp\/v2\/comments?post=2570"}],"version-history":[{"count":0,"href":"https:\/\/mywatershedwatch.org\/vi\/wp-json\/wp\/v2\/pages\/2570\/revisions"}],"wp:attachment":[{"href":"https:\/\/mywatershedwatch.org\/vi\/wp-json\/wp\/v2\/media?parent=2570"}],"curies":[{"name":"wp","href":"https:\/\/api.w.org\/{rel}","templated":true}]}}