{"id":2415,"date":"2023-12-19T01:04:59","date_gmt":"2023-12-19T01:04:59","guid":{"rendered":"http:\/\/mywatershedwatch.org\/su-kien-theo-doi-luu-vuc-song\/"},"modified":"2026-03-25T16:31:56","modified_gmt":"2026-03-25T16:31:56","slug":"su-kien-theo-doi-luu-vuc-song","status":"publish","type":"page","link":"https:\/\/mywatershedwatch.org\/vi\/su-kien-theo-doi-luu-vuc-song\/","title":{"rendered":"S\u1ef1 ki\u1ec7n theo d\u00f5i l\u01b0u v\u1ef1c s\u00f4ng"},"content":{"rendered":"\n<p class=\"has-text-align-center is-style-body-large\">Khi \u0111\u01b0\u1ee3c ch\u1ec9 \u0111\u1ecbnh, Booth Watch Watershed s\u1ebd c\u00f3 m\u1eb7t t\u1ea1i c\u00e1c s\u1ef1 ki\u1ec7n c\u1ed9ng \u0111\u1ed3ng \u0111\u1ecba ph\u01b0\u01a1ng. H\u00e3y d\u1eebng l\u1ea1i \u0111\u1ec3 nh\u1eadn t\u00e0i li\u1ec7u th\u00f4ng tin v\u00e0 qu\u00e0 t\u1eb7ng h\u1ea5p d\u1eabn!<\/p>\n","protected":false},"excerpt":{"rendered":"<p>Khi \u0111\u01b0\u1ee3c ch\u1ec9 \u0111\u1ecbnh, Booth Watch Watershed s\u1ebd c\u00f3 m\u1eb7t t\u1ea1i c\u00e1c s\u1ef1 ki\u1ec7n c\u1ed9ng \u0111\u1ed3ng \u0111\u1ecba ph\u01b0\u01a1ng. H\u00e3y d\u1eebng l\u1ea1i \u0111\u1ec3 nh\u1eadn t\u00e0i li\u1ec7u th\u00f4ng tin v\u00e0 qu\u00e0 t\u1eb7ng h\u1ea5p d\u1eabn!<\/p>\n","protected":false},"author":3,"featured_media":0,"parent":0,"menu_order":1,"comment_status":"closed","ping_status":"closed","template":"","meta":{"_acf_changed":false,"footnotes":""},"class_list":["post-2415","page","type-page","status-publish","hentry"],"acf":[],"aioseo_notices":[],"_links":{"self":[{"href":"https:\/\/mywatershedwatch.org\/vi\/wp-json\/wp\/v2\/pages\/2415","targetHints":{"allow":["GET"]}}],"collection":[{"href":"https:\/\/mywatershedwatch.org\/vi\/wp-json\/wp\/v2\/pages"}],"about":[{"href":"https:\/\/mywatershedwatch.org\/vi\/wp-json\/wp\/v2\/types\/page"}],"author":[{"embeddable":true,"href":"https:\/\/mywatershedwatch.org\/vi\/wp-json\/wp\/v2\/users\/3"}],"replies":[{"embeddable":true,"href":"https:\/\/mywatershedwatch.org\/vi\/wp-json\/wp\/v2\/comments?post=2415"}],"version-history":[{"count":1,"href":"https:\/\/mywatershedwatch.org\/vi\/wp-json\/wp\/v2\/pages\/2415\/revisions"}],"predecessor-version":[{"id":6793,"href":"https:\/\/mywatershedwatch.org\/vi\/wp-json\/wp\/v2\/pages\/2415\/revisions\/6793"}],"wp:attachment":[{"href":"https:\/\/mywatershedwatch.org\/vi\/wp-json\/wp\/v2\/media?parent=2415"}],"curies":[{"name":"wp","href":"https:\/\/api.w.org\/{rel}","templated":true}]}}