{"id":1886,"date":"2023-12-19T00:23:24","date_gmt":"2023-12-19T00:23:24","guid":{"rendered":"http:\/\/mywatershedwatch.org\/co-hoi-tinh-nguyen\/"},"modified":"2024-05-14T16:49:05","modified_gmt":"2024-05-14T16:49:05","slug":"co-hoi-tinh-nguyen","status":"publish","type":"page","link":"https:\/\/mywatershedwatch.org\/vi\/co-hoi-tinh-nguyen\/","title":{"rendered":"C\u01a1 h\u1ed9i t\u00ecnh nguy\u1ec7n"},"content":{"rendered":"\n<div class=\"wp-block-group\"><div class=\"wp-block-group__inner-container is-layout-constrained wp-block-group-is-layout-constrained\">\n<div class=\"wp-block-columns is-layout-flex wp-container-core-columns-is-layout-9d6595d7 wp-block-columns-is-layout-flex\">\n<div class=\"wp-block-column is-layout-flow wp-block-column-is-layout-flow\">\n<p class=\"is-style-body-large\">H\u00e3y tham gia c\u00f9ng nh\u1eefng ng\u01b0\u1eddi h\u00e0ng x\u00f3m c\u1ee7a b\u1ea1n \u0111\u1ec3 ch\u0103m s\u00f3c c\u00e1c con l\u1ea1ch, \u0111\u01b0\u1eddng ph\u1ed1 v\u00e0 c\u1ed1ng tho\u00e1t n\u01b0\u1edbc m\u01b0a trong c\u1ed9ng \u0111\u1ed3ng c\u1ee7a b\u1ea1n! T\u1eeb vi\u1ec7c d\u1ecdn d\u1eb9p \u0111\u1ebfn ph\u1ee5c h\u1ed3i \u0111\u01b0\u1eddng m\u00f2n, b\u1ea1n c\u00f3 th\u1ec3 l\u00e0m m\u1ed9t s\u1ed1 vi\u1ec7c \u0111\u1ec3 gi\u00fap b\u1ea3o v\u1ec7 s\u1ee9c kh\u1ecfe c\u1ee7a l\u01b0u v\u1ef1c s\u00f4ng v\u00e0 t\u1ea5t c\u1ea3 con ng\u01b0\u1eddi, th\u1ef1c v\u1eadt, \u0111\u1ed9ng v\u1eadt s\u1ed1ng d\u1ef1a v\u00e0o n\u01b0\u1edbc s\u1ea1ch \u0111\u1ec3 ph\u00e1t tri\u1ec3n.<\/p>\n<\/div>\n\n\n\n<div class=\"wp-block-column is-layout-flow wp-block-column-is-layout-flow\">\n<figure class=\"wp-block-image size-full\"><img loading=\"lazy\" decoding=\"async\" width=\"1920\" height=\"1080\" src=\"https:\/\/mywatershedwatch.org\/wp-content\/uploads\/2024\/02\/CSJ_Sharks_Mar2024_Litter_1920x1080.jpg\" alt=\"T&#xEC;nh nguy&#x1EC7;n d&#x1ECD;n r&#xE1;c. Chi&#x1EBF;n d&#x1ECB;ch c&#xE1; m&#x1EAD;p San Jose\" class=\"wp-image-6119\" srcset=\"https:\/\/mywatershedwatch.org\/wp-content\/uploads\/2024\/02\/CSJ_Sharks_Mar2024_Litter_1920x1080.jpg 1920w, https:\/\/mywatershedwatch.org\/wp-content\/uploads\/2024\/02\/CSJ_Sharks_Mar2024_Litter_1920x1080-300x169.jpg 300w, https:\/\/mywatershedwatch.org\/wp-content\/uploads\/2024\/02\/CSJ_Sharks_Mar2024_Litter_1920x1080-1024x576.jpg 1024w, https:\/\/mywatershedwatch.org\/wp-content\/uploads\/2024\/02\/CSJ_Sharks_Mar2024_Litter_1920x1080-768x432.jpg 768w, https:\/\/mywatershedwatch.org\/wp-content\/uploads\/2024\/02\/CSJ_Sharks_Mar2024_Litter_1920x1080-1536x864.jpg 1536w\" sizes=\"auto, (max-width: 1920px) 100vw, 1920px\" \/><\/figure>\n<\/div>\n<\/div>\n\n\n<\/div><\/div>\n","protected":false},"excerpt":{"rendered":"<p>H\u00e3y tham gia c\u00f9ng nh\u1eefng ng\u01b0\u1eddi h\u00e0ng x\u00f3m c\u1ee7a b\u1ea1n \u0111\u1ec3 ch\u0103m s\u00f3c c\u00e1c con l\u1ea1ch, \u0111\u01b0\u1eddng ph\u1ed1 v\u00e0 c\u1ed1ng tho\u00e1t n\u01b0\u1edbc m\u01b0a trong c\u1ed9ng \u0111\u1ed3ng c\u1ee7a b\u1ea1n! T\u1eeb vi\u1ec7c d\u1ecdn d\u1eb9p \u0111\u1ebfn ph\u1ee5c h\u1ed3i \u0111\u01b0\u1eddng m\u00f2n, b\u1ea1n c\u00f3 th\u1ec3 l\u00e0m m\u1ed9t s\u1ed1 vi\u1ec7c \u0111\u1ec3 gi\u00fap b\u1ea3o v\u1ec7 s\u1ee9c kh\u1ecfe c\u1ee7a l\u01b0u v\u1ef1c s\u00f4ng v\u00e0 [&hellip;]<\/p>\n","protected":false},"author":3,"featured_media":0,"parent":0,"menu_order":0,"comment_status":"closed","ping_status":"closed","template":"","meta":{"_acf_changed":false,"footnotes":""},"class_list":["post-1886","page","type-page","status-publish","hentry"],"acf":[],"aioseo_notices":[],"_links":{"self":[{"href":"https:\/\/mywatershedwatch.org\/vi\/wp-json\/wp\/v2\/pages\/1886","targetHints":{"allow":["GET"]}}],"collection":[{"href":"https:\/\/mywatershedwatch.org\/vi\/wp-json\/wp\/v2\/pages"}],"about":[{"href":"https:\/\/mywatershedwatch.org\/vi\/wp-json\/wp\/v2\/types\/page"}],"author":[{"embeddable":true,"href":"https:\/\/mywatershedwatch.org\/vi\/wp-json\/wp\/v2\/users\/3"}],"replies":[{"embeddable":true,"href":"https:\/\/mywatershedwatch.org\/vi\/wp-json\/wp\/v2\/comments?post=1886"}],"version-history":[{"count":9,"href":"https:\/\/mywatershedwatch.org\/vi\/wp-json\/wp\/v2\/pages\/1886\/revisions"}],"predecessor-version":[{"id":6419,"href":"https:\/\/mywatershedwatch.org\/vi\/wp-json\/wp\/v2\/pages\/1886\/revisions\/6419"}],"wp:attachment":[{"href":"https:\/\/mywatershedwatch.org\/vi\/wp-json\/wp\/v2\/media?parent=1886"}],"curies":[{"name":"wp","href":"https:\/\/api.w.org\/{rel}","templated":true}]}}