{"id":1698,"date":"2023-12-19T00:08:21","date_gmt":"2023-12-19T00:08:21","guid":{"rendered":"http:\/\/mywatershedwatch.org\/phong-chong-xa-rac\/"},"modified":"2024-01-18T22:14:31","modified_gmt":"2024-01-18T22:14:31","slug":"phong-chong-xa-rac","status":"publish","type":"page","link":"https:\/\/mywatershedwatch.org\/vi\/phong-chong-xa-rac\/","title":{"rendered":"Ph\u00f2ng ch\u1ed1ng x\u1ea3 r\u00e1c"},"content":{"rendered":"\n<p class=\"has-text-align-left is-style-body-large\">X\u1ea3 r\u00e1c l\u00e0 \u201c\u0111\u1ed5 r\u00e1c\u201d v\u00e0o nh\u00e0 c\u1ee7a ch\u00fang ta v\u00e0 g\u00e2y h\u1ea1i cho \u0111\u1ed9ng v\u1eadt hoang d\u00e3. C\u00f9ng nhau, ch\u00fang ta c\u00f3 th\u1ec3 gi\u1ea3m thi\u1ec3u r\u00e1c th\u1ea3i \u0111\u1ec3 t\u1ea1o ra kh\u00f4ng gian l\u00e0nh m\u1ea1nh h\u01a1n v\u00e0 c\u1ed9ng \u0111\u1ed3ng h\u1ea1nh ph\u00fac h\u01a1n.  <\/p>\n\n<figure class=\"wp-block-image alignfull size-large\"><img loading=\"lazy\" decoding=\"async\" width=\"1024\" height=\"683\" src=\"https:\/\/mywatershedwatch.org\/wp-content\/uploads\/2023\/12\/picking-up-plastic-bottle-litter-from-creek-1024x683.jpg\" alt=\"\" class=\"wp-image-559\" srcset=\"https:\/\/mywatershedwatch.org\/wp-content\/uploads\/2023\/12\/picking-up-plastic-bottle-litter-from-creek-1024x683.jpg 1024w, https:\/\/mywatershedwatch.org\/wp-content\/uploads\/2023\/12\/picking-up-plastic-bottle-litter-from-creek-300x200.jpg 300w, https:\/\/mywatershedwatch.org\/wp-content\/uploads\/2023\/12\/picking-up-plastic-bottle-litter-from-creek-768x512.jpg 768w, https:\/\/mywatershedwatch.org\/wp-content\/uploads\/2023\/12\/picking-up-plastic-bottle-litter-from-creek-1536x1024.jpg 1536w, https:\/\/mywatershedwatch.org\/wp-content\/uploads\/2023\/12\/picking-up-plastic-bottle-litter-from-creek-scaled.jpg 2048w\" sizes=\"auto, (max-width: 1024px) 100vw, 1024px\" \/><\/figure>\n\n<p class=\"has-text-align-left is-style-body-medium\">G\u1ea7n 80 ph\u1ea7n tr\u0103m r\u00e1c \u0111\u01b0\u1ee3c t\u00ecm th\u1ea5y trong c\u00e1c con l\u1ea1ch c\u1ee7a ch\u00fang ta v\u00e0 V\u1ecbnh b\u1ecb cu\u1ed1n tr\u00f4i, th\u1ed5i bay ho\u1eb7c \u0111\u1ed5 t\u1eeb \u0111\u1ea5t li\u1ec1n v\u00e0o \u0111\u00f3! M\u1ed9t m\u1ea3nh r\u00e1c c\u00f3 th\u1ec3 \u0111i xa h\u00e0ng d\u1eb7m t\u1eeb n\u01a1i n\u00f3 b\u1ecb v\u1ee9t \u0111i. R\u00e1c g\u00e2y \u00f4 nhi\u1ec5m \u0111\u01b0\u1eddng th\u1ee7y c\u1ee7a ch\u00fang ta v\u00e0 \u0111e d\u1ecda \u0111\u1ed9ng v\u1eadt hoang d\u00e3. R\u00e1c \u0111\u1ecdng l\u1ea1i tr\u00ean \u0111\u1ea5t c\u0169ng g\u00e2y h\u1ea1i cho \u0111\u1ea5t, th\u1ef1c v\u1eadt, \u0111\u1ed9ng v\u1eadt v\u00e0 con ng\u01b0\u1eddi.<\/p>\n\n<h2 class=\"wp-block-heading\">R\u00e1c c\u00f3 th\u1ec3 g\u00e2y h\u1ea1i cho \u0111\u1ed9ng v\u1eadt (v\u00e0 c\u1ea3 con ng\u01b0\u1eddi n\u1eefa!)<\/h2>\n\n<p><\/p>\n\n<ul class=\"is-style-body-medium wp-block-list\">\n<li style=\"font-size:24px\">D\u00e2y c\u00e2u v\u00e0 c\u00e1c lo\u1ea1i nh\u1ef1a kh\u00e1c c\u00f3 th\u1ec3 qu\u1ea5n quanh v\u00e2y, ch\u00e2n ch\u00e8o v\u00e0 c\u00e1c chi c\u1ee7a c\u00e1 v\u00e0 c\u00e1c \u0111\u1ed9ng v\u1eadt kh\u00e1c \u1edf d\u01b0\u1edbi n\u01b0\u1edbc.<\/li>\n\n\n\n<li style=\"font-size:24px\">T\u00fai nh\u1ef1a, b\u00f3ng bay x\u00ec h\u01a1i ho\u1eb7c c\u00e1c m\u1ea3nh r\u00e1c c\u00f3 th\u1ec3 b\u1ecb nh\u1ea7m l\u00e0 th\u1ee9c \u0103n v\u00e0 b\u1ecb nu\u1ed1t ph\u1ea3i, l\u00e0m t\u1eafc ngh\u1ebdn \u0111\u01b0\u1eddng ti\u00eau h\u00f3a c\u1ee7a \u0111\u1ed9ng v\u1eadt.<\/li>\n\n\n\n<li style=\"font-size:24px\">C\u00e1c h\u00f3a ch\u1ea5t c\u00f3 trong nh\u1ef1a v\u00e0 c\u00e1c lo\u1ea1i r\u00e1c th\u1ea3i kh\u00e1c c\u00f3 th\u1ec3 th\u1ea5m v\u00e0o n\u01b0\u1edbc, g\u00e2y \u00f4 nhi\u1ec5m th\u00eam.<\/li>\n\n\n\n<li style=\"font-size:20px\">M\u00f4i tr\u01b0\u1eddng x\u1ea3 r\u00e1c khuy\u1ebfn kh\u00edch vi\u1ec7c x\u1ea3 r\u00e1c nhi\u1ec1u h\u01a1n v\u00e0 c\u00e1c h\u00ecnh th\u1ee9c ph\u00e1 ho\u1ea1i kh\u00e1c.<\/li>\n<\/ul>\n\n<p><\/p>\n\n<h2 class=\"wp-block-heading\">X\u1ea3 r\u00e1c nh\u01b0 th\u1ebf n\u00e0o<\/h2>\n\n<p class=\"is-style-body-medium\">M\u1ed9t s\u1ed1 tr\u01b0\u1eddng h\u1ee3p x\u1ea3 r\u00e1c l\u00e0 do ng\u01b0\u1eddi d\u00e2n c\u1ed1 \u00fd n\u00e9m r\u00e1c xu\u1ed1ng \u0111\u1ea5t ho\u1eb7c ra ngo\u00e0i c\u1eeda s\u1ed5 \u00f4 t\u00f4. C\u00e1c lo\u1ea1i r\u00e1c kh\u00e1c x\u1ea3y ra ngo\u00e0i \u00fd mu\u1ed1n, r\u01a1i kh\u1ecfi xe t\u1ea3i kh\u00f4ng c\u00f3 v\u1eadt n\u1eb7ng ho\u1eb7c khi gi\u00f3 th\u1ed5i r\u00e1c ra kh\u1ecfi c\u00e1c th\u00f9ng t\u00e1i ch\u1ebf v\u00e0 th\u00f9ng r\u00e1c c\u00f3 n\u1eafp \u0111\u1eady m\u1edf, ho\u1eb7c t\u1eeb c\u00e1c b\u1ebfn t\u00e0u v\u00e0 c\u00f4ng tr\u01b0\u1eddng x\u00e2y d\u1ef1ng. T\u1ea5t c\u1ea3 c\u00e1c lo\u1ea1i r\u00e1c c\u00f3 th\u1ec3 \u0111\u01b0\u1ee3c ng\u0103n ch\u1eb7n!<\/p>\n\n<figure class=\"wp-block-image size-large\"><img loading=\"lazy\" decoding=\"async\" width=\"1024\" height=\"791\" src=\"https:\/\/mywatershedwatch.org\/wp-content\/uploads\/2023\/12\/How-Trash-Gets-into-Creek-Poster-1024x791.jpg\" alt=\"\" class=\"wp-image-572\" srcset=\"https:\/\/mywatershedwatch.org\/wp-content\/uploads\/2023\/12\/How-Trash-Gets-into-Creek-Poster-1024x791.jpg 1024w, https:\/\/mywatershedwatch.org\/wp-content\/uploads\/2023\/12\/How-Trash-Gets-into-Creek-Poster-300x232.jpg 300w, https:\/\/mywatershedwatch.org\/wp-content\/uploads\/2023\/12\/How-Trash-Gets-into-Creek-Poster-768x593.jpg 768w, https:\/\/mywatershedwatch.org\/wp-content\/uploads\/2023\/12\/How-Trash-Gets-into-Creek-Poster-1536x1187.jpg 1536w, https:\/\/mywatershedwatch.org\/wp-content\/uploads\/2023\/12\/How-Trash-Gets-into-Creek-Poster.jpg 2000w\" sizes=\"auto, (max-width: 1024px) 100vw, 1024px\" \/><\/figure>\n\n<p class=\"is-style-body-medium has-medium-font-size\"><a href=\"\/wp-content\/uploads\/2023\/12\/How-Trash-Gets-into-Creek-Poster-School_May2014-hi-1.pdf\" target=\"_blank\" rel=\"noreferrer noopener\">Nh\u1ea5p v\u00e0o \u0111\u00e2y<\/a> \u0111\u1ec3 t\u1ea3i xu\u1ed1ng h\u00ecnh \u1ea3nh n\u00e0y cho th\u1ea5y r\u00e1c th\u1ea3i s\u1ebd tr\u00f4i v\u00e0o c\u00e1c con l\u1ea1ch c\u1ee7a ch\u00fang ta nh\u01b0 th\u1ebf n\u00e0o.<\/p>\n","protected":false},"excerpt":{"rendered":"<p>X\u1ea3 r\u00e1c l\u00e0 \u201c\u0111\u1ed5 r\u00e1c\u201d v\u00e0o nh\u00e0 c\u1ee7a ch\u00fang ta v\u00e0 g\u00e2y h\u1ea1i cho \u0111\u1ed9ng v\u1eadt hoang d\u00e3. C\u00f9ng nhau, ch\u00fang ta c\u00f3 th\u1ec3 gi\u1ea3m thi\u1ec3u r\u00e1c th\u1ea3i \u0111\u1ec3 t\u1ea1o ra kh\u00f4ng gian l\u00e0nh m\u1ea1nh h\u01a1n v\u00e0 c\u1ed9ng \u0111\u1ed3ng h\u1ea1nh ph\u00fac h\u01a1n. G\u1ea7n 80 ph\u1ea7n tr\u0103m r\u00e1c \u0111\u01b0\u1ee3c t\u00ecm th\u1ea5y trong c\u00e1c con l\u1ea1ch c\u1ee7a [&hellip;]<\/p>\n","protected":false},"author":3,"featured_media":0,"parent":0,"menu_order":1,"comment_status":"closed","ping_status":"closed","template":"","meta":{"_acf_changed":false,"footnotes":""},"class_list":["post-1698","page","type-page","status-publish","hentry"],"acf":[],"aioseo_notices":[],"_links":{"self":[{"href":"https:\/\/mywatershedwatch.org\/vi\/wp-json\/wp\/v2\/pages\/1698","targetHints":{"allow":["GET"]}}],"collection":[{"href":"https:\/\/mywatershedwatch.org\/vi\/wp-json\/wp\/v2\/pages"}],"about":[{"href":"https:\/\/mywatershedwatch.org\/vi\/wp-json\/wp\/v2\/types\/page"}],"author":[{"embeddable":true,"href":"https:\/\/mywatershedwatch.org\/vi\/wp-json\/wp\/v2\/users\/3"}],"replies":[{"embeddable":true,"href":"https:\/\/mywatershedwatch.org\/vi\/wp-json\/wp\/v2\/comments?post=1698"}],"version-history":[{"count":0,"href":"https:\/\/mywatershedwatch.org\/vi\/wp-json\/wp\/v2\/pages\/1698\/revisions"}],"wp:attachment":[{"href":"https:\/\/mywatershedwatch.org\/vi\/wp-json\/wp\/v2\/media?parent=1698"}],"curies":[{"name":"wp","href":"https:\/\/api.w.org\/{rel}","templated":true}]}}