{"id":1653,"date":"2023-11-01T17:08:41","date_gmt":"2023-11-01T17:08:41","guid":{"rendered":"http:\/\/mywatershedwatch.org\/nhiem-vu-cua-chung-ta\/"},"modified":"2024-01-04T23:55:22","modified_gmt":"2024-01-04T23:55:22","slug":"nhiem-vu-cua-chung-ta","status":"publish","type":"page","link":"https:\/\/mywatershedwatch.org\/vi\/nhiem-vu-cua-chung-ta\/","title":{"rendered":"Nhi\u1ec7m v\u1ee5 c\u1ee7a ch\u00fang ta"},"content":{"rendered":"\n\n<h2>S\u1ee9 m\u1ec7nh &amp; T\u1ea7m nh\u00ecn<\/h2>\n\n\n<h6>B\u00e0n th\u1eafng<\/h6>\n<p>M\u1ed9t th\u1ef1c t\u1ebf \u0111\u00e3 \u0111\u01b0\u1ee3c ch\u1ee9ng minh t\u1eeb l\u00e2u l\u00e0 ng\u01b0\u1eddi \u0111\u1ecdc s\u1ebd b\u1ecb ph\u00e2n t\u00e2m b\u1edfi n\u1ed9i dung c\u00f3 th\u1ec3 \u0111\u1ecdc \u0111\u01b0\u1ee3c c\u1ee7a m\u1ed9t trang khi nh\u00ecn v\u00e0o b\u1ed1 c\u1ee5c c\u1ee7a n\u00f3. M\u1ee5c \u0111\u00edch c\u1ee7a vi\u1ec7c s\u1eed d\u1ee5ng Lorem Ipsum l\u00e0 n\u00f3 c\u00f3 s\u1ef1 ph\u00e2n b\u1ed1 ch\u1eef c\u00e1i \u00edt nhi\u1ec1u b\u00ecnh th\u01b0\u1eddng, tr\u00e1i ng\u01b0\u1ee3c v\u1edbi<\/p>\n\n\n<h6>M\u00f4i tr\u01b0\u1eddng<\/h6>\n<p>M\u1ed9t th\u1ef1c t\u1ebf \u0111\u00e3 \u0111\u01b0\u1ee3c ch\u1ee9ng minh t\u1eeb l\u00e2u l\u00e0 ng\u01b0\u1eddi \u0111\u1ecdc s\u1ebd b\u1ecb ph\u00e2n t\u00e2m b\u1edfi n\u1ed9i dung c\u00f3 th\u1ec3 \u0111\u1ecdc \u0111\u01b0\u1ee3c c\u1ee7a m\u1ed9t trang khi nh\u00ecn v\u00e0o b\u1ed1 c\u1ee5c c\u1ee7a n\u00f3. M\u1ee5c \u0111\u00edch c\u1ee7a vi\u1ec7c s\u1eed d\u1ee5ng Lorem Ipsum l\u00e0 n\u00f3 c\u00f3 s\u1ef1 ph\u00e2n b\u1ed1 ch\u1eef c\u00e1i \u00edt nhi\u1ec1u b\u00ecnh th\u01b0\u1eddng, tr\u00e1i ng\u01b0\u1ee3c v\u1edbi<\/p>\n\n\n\n\n\n\n\n\n\n<h4>M\u00f4i tr\u01b0\u1eddng ho\u00e1 h\u1ecdc<\/h4>\n\n\n<h4>Ba\u0309o v\u00ea\u0323 m\u00f4i tr\u01b0\u01a1ng<\/h4>\n\n\n<h4>Th\u1ef1c thi m\u00f4i tr\u01b0\u1eddng<\/h4>\n\n\n\n\n\n<h4>Ch\u00fang t\u00f4i cung c\u1ea5p nh\u1eefng g\u00ec?<\/h4>\n<p>C\u00f3 r\u1ea5t nhi\u1ec1u bi\u1ebfn th\u1ec3 c\u1ee7a c\u00e1c \u0111o\u1ea1n v\u0103n trong Lorem Ipsum, nh\u01b0ng ph\u1ea7n l\u1edbn \u0111\u1ec1u \u0111\u00e3 \u0111\u01b0\u1ee3c thay \u0111\u1ed5i d\u01b0\u1edbi m\u1ed9t h\u00ecnh th\u1ee9c n\u00e0o \u0111\u00f3, b\u1eb1ng c\u00e1ch th\u00eam v\u00e0o s\u1ef1 h\u00e0i h\u01b0\u1edbc ho\u1eb7c nh\u1eefng t\u1eeb ng\u1eabu nhi\u00ean tr\u00f4ng kh\u00f4ng \u0111\u00e1ng tin ch\u00fat n\u00e0o. N\u1ebfu b\u1ea1n \u0111\u1ecbnh s\u1eed d\u1ee5ng m\u1ed9t \u0111o\u1ea1n v\u0103n c\u1ee7a Lorem Ipsum, b\u1ea1n c\u1ea7n ch\u1eafc ch\u1eafn r\u1eb1ng kh\u00f4ng c\u00f3 \u0111i\u1ec1u g\u00ec \u0111\u00e1ng x\u1ea5u h\u1ed5 \u1ea9n \u1edf gi\u1eefa v\u0103n b\u1ea3n.  <\/p>\n\n\n\n\n\n\n\n","protected":false},"excerpt":{"rendered":"","protected":false},"author":0,"featured_media":0,"parent":0,"menu_order":0,"comment_status":"closed","ping_status":"closed","template":"","meta":{"_acf_changed":false,"footnotes":""},"class_list":["post-1653","page","type-page","status-publish","hentry"],"acf":[],"aioseo_notices":[],"_links":{"self":[{"href":"https:\/\/mywatershedwatch.org\/vi\/wp-json\/wp\/v2\/pages\/1653","targetHints":{"allow":["GET"]}}],"collection":[{"href":"https:\/\/mywatershedwatch.org\/vi\/wp-json\/wp\/v2\/pages"}],"about":[{"href":"https:\/\/mywatershedwatch.org\/vi\/wp-json\/wp\/v2\/types\/page"}],"replies":[{"embeddable":true,"href":"https:\/\/mywatershedwatch.org\/vi\/wp-json\/wp\/v2\/comments?post=1653"}],"version-history":[{"count":0,"href":"https:\/\/mywatershedwatch.org\/vi\/wp-json\/wp\/v2\/pages\/1653\/revisions"}],"wp:attachment":[{"href":"https:\/\/mywatershedwatch.org\/vi\/wp-json\/wp\/v2\/media?parent=1653"}],"curies":[{"name":"wp","href":"https:\/\/api.w.org\/{rel}","templated":true}]}}