{"id":5288,"date":"2024-01-22T20:07:50","date_gmt":"2024-01-22T20:07:50","guid":{"rendered":"http:\/\/mywatershedwatch.org\/dia-de-la-tierra\/"},"modified":"2024-01-22T20:54:22","modified_gmt":"2024-01-22T20:54:22","slug":"dia-de-la-tierra","status":"publish","type":"page","link":"https:\/\/mywatershedwatch.org\/es\/dia-de-la-tierra\/","title":{"rendered":"D\u00eda de la Tierra"},"content":{"rendered":"\n<figure class=\"wp-block-image alignfull size-large\"><img loading=\"lazy\" decoding=\"async\" width=\"1024\" height=\"987\" src=\"http:\/\/mywatershedwatch.org\/wp-content\/uploads\/2024\/01\/WW-Earth-Day-Logo-1024x987.png\" alt=\"\" class=\"wp-image-5282\" srcset=\"https:\/\/mywatershedwatch.org\/wp-content\/uploads\/2024\/01\/WW-Earth-Day-Logo-1024x987.png 1024w, https:\/\/mywatershedwatch.org\/wp-content\/uploads\/2024\/01\/WW-Earth-Day-Logo-300x289.png 300w, https:\/\/mywatershedwatch.org\/wp-content\/uploads\/2024\/01\/WW-Earth-Day-Logo-768x740.png 768w, https:\/\/mywatershedwatch.org\/wp-content\/uploads\/2024\/01\/WW-Earth-Day-Logo.png 1372w\" sizes=\"auto, (max-width: 1024px) 100vw, 1024px\" \/><\/figure>\n\n<h2 class=\"wp-block-heading\">D\u00e9 la campanada y comparta su visi\u00f3n.<\/h2>\n\n<p class=\"is-style-body-medium has-medium-font-size\">Participa en el concurso de carteles del D\u00eda de la Tierra de Watershed Watch para compartir tu visi\u00f3n creativa de unas v\u00edas fluviales limpias en el valle de Santa Clara. Los ganadores de cada categor\u00eda recibir\u00e1n premios en met\u00e1lico: 250 $ para el primer clasificado y 150 $ para el segundo. Las obras ganadoras aparecer\u00e1n en futuras promociones en las redes sociales para contribuir a la prevenci\u00f3n de la contaminaci\u00f3n del agua.<\/p>\n\n<p class=\"is-style-body-medium has-medium-font-size\"><strong>INSCR\u00cdBETE ANTES DEL 18 de marzo de 2024.<\/strong><\/p>\n\n<p class=\"is-style-body-large has-large-font-size\">Elige una de las siguientes preguntas para responderla en tu obra de arte:  <\/p>\n\n<ul class=\"wp-block-list\">\n<li class=\"has-medium-font-size\">\u00bfC\u00f3mo puedes T\u00da prevenir la contaminaci\u00f3n del agua? Echa un vistazo al sitio web de Watershed Watch para inspirarte.<\/li>\n\n\n\n<li class=\"has-medium-font-size\">\u00bfQu\u00e9 es lo que m\u00e1s le gusta de sus v\u00edas fluviales (arroyos, r\u00edos, lagos)?<\/li>\n<\/ul>\n\n<p class=\"is-style-body-large has-large-font-size\">Los trabajos se valorar\u00e1n y premiar\u00e1n en tres categor\u00edas:  <\/p>\n\n<ul class=\"wp-block-list\">\n<li class=\"has-medium-font-size\">K &#8211; 2\u00ba grado  <\/li>\n\n\n\n<li class=\"has-medium-font-size\">3\u00ba &#8211; 5\u00ba curso  <\/li>\n\n\n\n<li class=\"has-medium-font-size\">6\u00ba &#8211; 8\u00ba curso  <\/li>\n<\/ul>\n\n<p class=\"is-style-body-large has-large-font-size\">Las obras se valorar\u00e1n con arreglo a los siguientes criterios:  <\/p>\n\n<ul class=\"wp-block-list\">\n<li class=\"has-medium-font-size\">Originalidad  <\/li>\n\n\n\n<li class=\"has-medium-font-size\">Claridad<\/li>\n\n\n\n<li class=\"has-medium-font-size\">Expresi\u00f3n del tema  <\/li>\n<\/ul>\n","protected":false},"excerpt":{"rendered":"<p>D\u00e9 la campanada y comparta su visi\u00f3n. Participa en el concurso de carteles del D\u00eda de la Tierra de Watershed Watch para compartir tu visi\u00f3n creativa de unas v\u00edas fluviales limpias en el valle de Santa Clara. Los ganadores de cada categor\u00eda recibir\u00e1n premios en met\u00e1lico: 250 $ para el primer clasificado y 150 $ [&hellip;]<\/p>\n","protected":false},"author":3,"featured_media":0,"parent":0,"menu_order":0,"comment_status":"closed","ping_status":"closed","template":"","meta":{"_acf_changed":false,"footnotes":""},"class_list":["post-5288","page","type-page","status-publish","hentry"],"acf":[],"aioseo_notices":[],"_links":{"self":[{"href":"https:\/\/mywatershedwatch.org\/es\/wp-json\/wp\/v2\/pages\/5288","targetHints":{"allow":["GET"]}}],"collection":[{"href":"https:\/\/mywatershedwatch.org\/es\/wp-json\/wp\/v2\/pages"}],"about":[{"href":"https:\/\/mywatershedwatch.org\/es\/wp-json\/wp\/v2\/types\/page"}],"author":[{"embeddable":true,"href":"https:\/\/mywatershedwatch.org\/es\/wp-json\/wp\/v2\/users\/3"}],"replies":[{"embeddable":true,"href":"https:\/\/mywatershedwatch.org\/es\/wp-json\/wp\/v2\/comments?post=5288"}],"version-history":[{"count":0,"href":"https:\/\/mywatershedwatch.org\/es\/wp-json\/wp\/v2\/pages\/5288\/revisions"}],"wp:attachment":[{"href":"https:\/\/mywatershedwatch.org\/es\/wp-json\/wp\/v2\/media?parent=5288"}],"curies":[{"name":"wp","href":"https:\/\/api.w.org\/{rel}","templated":true}]}}