{"id":4594,"date":"2024-01-16T19:34:55","date_gmt":"2024-01-16T19:34:55","guid":{"rendered":"http:\/\/mywatershedwatch.org\/conviertete-en-un-jardinero-verde\/"},"modified":"2024-04-03T15:38:38","modified_gmt":"2024-04-03T15:38:38","slug":"conviertete-en-un-jardinero-verde","status":"publish","type":"page","link":"https:\/\/mywatershedwatch.org\/es\/conviertete-en-un-jardinero-verde\/","title":{"rendered":"Convi\u00e9rtete en un jardinero verde"},"content":{"rendered":"\n<p class=\"has-large-font-size\"><strong>Programa de formaci\u00f3n de jardineros ecol\u00f3gicos del Valle de Santa Clara<\/strong><\/p>\n\n<p class=\"is-style-body-large has-large-font-size\">Si usted es un jardinero profesional o un trabajador de mantenimiento del paisaje en busca de maneras de conservar el agua, proteger el suelo, reducir el uso de pesticidas, crear un ambiente de trabajo m\u00e1s saludable, y ampliar sus perspectivas de negocio, usted debe considerar la asistencia a un Valle de Santa Clara jardinero verde Formaci\u00f3n.  <\/p>\n\n<figure class=\"wp-block-image size-large\"><img loading=\"lazy\" decoding=\"async\" width=\"1024\" height=\"708\" src=\"https:\/\/mywatershedwatch.org\/wp-content\/uploads\/2024\/01\/GG-Flyer_iStock-1173342162-1024x708.jpg\" alt=\"\" class=\"wp-image-4616\" srcset=\"https:\/\/mywatershedwatch.org\/wp-content\/uploads\/2024\/01\/GG-Flyer_iStock-1173342162-1024x708.jpg 1024w, https:\/\/mywatershedwatch.org\/wp-content\/uploads\/2024\/01\/GG-Flyer_iStock-1173342162-300x207.jpg 300w, https:\/\/mywatershedwatch.org\/wp-content\/uploads\/2024\/01\/GG-Flyer_iStock-1173342162-768x531.jpg 768w, https:\/\/mywatershedwatch.org\/wp-content\/uploads\/2024\/01\/GG-Flyer_iStock-1173342162-1536x1062.jpg 1536w, https:\/\/mywatershedwatch.org\/wp-content\/uploads\/2024\/01\/GG-Flyer_iStock-1173342162-scaled.jpg 2048w\" sizes=\"auto, (max-width: 1024px) 100vw, 1024px\" \/><\/figure>\n\n<p class=\"is-style-body-medium has-medium-font-size\">Cada formaci\u00f3n consta de 10 clases (una clase por semana). Las clases se imparten en ingl\u00e9s.<\/p>\n\n<p class=\"is-style-body-medium has-medium-font-size\">Los jardineros profesionales y los profesionales del mantenimiento del paisaje que asistan al 80% de las clases y superen con \u00e9xito un examen recibir\u00e1n un certificado de aprovechamiento y su tarjeta de Jardinero Verde del Valle de Santa Clara.<\/p>\n\n<div class=\"wp-block-columns is-layout-flex wp-container-core-columns-is-layout-9d6595d7 wp-block-columns-is-layout-flex\">\n<div class=\"wp-block-column is-layout-flow wp-block-column-is-layout-flow\">\n<p class=\"is-style-body-large has-large-font-size\">Fechas e inscripci\u00f3n<\/p>\n\n\n\n<p class=\"is-style-body-medium has-medium-font-size\">La pr\u00f3xima formaci\u00f3n de jardineros verdes tendr\u00e1 lugar en oto\u00f1o de 2024. Env\u00ede <a href=\"https:\/\/mywatershedwatch.org\/es\/pongase-en-contacto-con\/\" target=\"_blank\" rel=\"noopener\" title=\"aqu&#xED;\">aqu\u00ed<\/a> sus datos de contacto y le enviaremos la informaci\u00f3n de inscripci\u00f3n.  <\/p>\n<\/div>\n\n\n\n<div class=\"wp-block-column is-layout-flow wp-block-column-is-layout-flow\">\n<figure class=\"wp-block-image size-large\"><img loading=\"lazy\" decoding=\"async\" width=\"1024\" height=\"365\" src=\"https:\/\/mywatershedwatch.org\/wp-content\/uploads\/2024\/01\/Santa-Clara-Logo-Green-Gardener-Color-Positive-RGB-Pixel-1024x365.png\" alt=\"\" class=\"wp-image-4640\" srcset=\"https:\/\/mywatershedwatch.org\/wp-content\/uploads\/2024\/01\/Santa-Clara-Logo-Green-Gardener-Color-Positive-RGB-Pixel-1024x365.png 1024w, https:\/\/mywatershedwatch.org\/wp-content\/uploads\/2024\/01\/Santa-Clara-Logo-Green-Gardener-Color-Positive-RGB-Pixel-300x107.png 300w, https:\/\/mywatershedwatch.org\/wp-content\/uploads\/2024\/01\/Santa-Clara-Logo-Green-Gardener-Color-Positive-RGB-Pixel-768x274.png 768w, https:\/\/mywatershedwatch.org\/wp-content\/uploads\/2024\/01\/Santa-Clara-Logo-Green-Gardener-Color-Positive-RGB-Pixel-1536x547.png 1536w, https:\/\/mywatershedwatch.org\/wp-content\/uploads\/2024\/01\/Santa-Clara-Logo-Green-Gardener-Color-Positive-RGB-Pixel.png 2048w\" sizes=\"auto, (max-width: 1024px) 100vw, 1024px\" \/><\/figure>\n<\/div>\n<\/div>\n\n<p class=\"is-style-body-large has-large-font-size\">Aprende a:<\/p>\n\n<ul class=\"is-style-body-medium has-medium-font-size wp-block-list\">\n<li class=\"has-medium-font-size\">Dise\u00f1o y reparaci\u00f3n de aspersores y sistemas de riego por goteo<\/li>\n\n\n\n<li class=\"has-medium-font-size\">Seleccione las plantas adecuadas para ahorrar agua y reducir el uso de pesticidas y fertilizantes<\/li>\n\n\n\n<li class=\"has-medium-font-size\">Solucione los problemas de plagas sin utilizar pesticidas t\u00f3xicos<\/li>\n\n\n\n<li class=\"has-medium-font-size\">Podar correctamente<\/li>\n\n\n\n<li class=\"has-medium-font-size\">Utilice compost y mantillo para alimentar el suelo de forma natural y proteger las plantas<\/li>\n\n\n\n<li class=\"has-medium-font-size\">RECIBIR:\n<ul class=\"wp-block-list\">\n<li class=\"has-medium-font-size\">Certificado de aprovechamiento y carn\u00e9 de jardinero verde<\/li>\n\n\n\n<li class=\"has-medium-font-size\">Publicidad gratuita en sitios web locales sobre jardiner\u00eda<br\/><a href=\"http:\/\/mywatershedwatch.org\/find-a-green-gardener\/\" title=\"\">Encuentre un jardinero ecol\u00f3gico<\/a><br\/><a href=\"http:\/\/mgsantaclara.ucanr.edu\/community-programs\/\" target=\"_blank\" rel=\"noreferrer noopener\">http:\/\/mgsantaclara.ucanr.edu\/community-programs\/<\/a><\/li>\n<\/ul>\n<\/li>\n<\/ul>\n","protected":false},"excerpt":{"rendered":"<p>Programa de formaci\u00f3n de jardineros ecol\u00f3gicos del Valle de Santa Clara Si usted es un jardinero profesional o un trabajador de mantenimiento del paisaje en busca de maneras de conservar el agua, proteger el suelo, reducir el uso de pesticidas, crear un ambiente de trabajo m\u00e1s saludable, y ampliar sus perspectivas de negocio, usted debe [&hellip;]<\/p>\n","protected":false},"author":3,"featured_media":0,"parent":0,"menu_order":0,"comment_status":"closed","ping_status":"closed","template":"","meta":{"_acf_changed":false,"footnotes":""},"class_list":["post-4594","page","type-page","status-publish","hentry"],"acf":[],"aioseo_notices":[],"_links":{"self":[{"href":"https:\/\/mywatershedwatch.org\/es\/wp-json\/wp\/v2\/pages\/4594","targetHints":{"allow":["GET"]}}],"collection":[{"href":"https:\/\/mywatershedwatch.org\/es\/wp-json\/wp\/v2\/pages"}],"about":[{"href":"https:\/\/mywatershedwatch.org\/es\/wp-json\/wp\/v2\/types\/page"}],"author":[{"embeddable":true,"href":"https:\/\/mywatershedwatch.org\/es\/wp-json\/wp\/v2\/users\/3"}],"replies":[{"embeddable":true,"href":"https:\/\/mywatershedwatch.org\/es\/wp-json\/wp\/v2\/comments?post=4594"}],"version-history":[{"count":4,"href":"https:\/\/mywatershedwatch.org\/es\/wp-json\/wp\/v2\/pages\/4594\/revisions"}],"predecessor-version":[{"id":6188,"href":"https:\/\/mywatershedwatch.org\/es\/wp-json\/wp\/v2\/pages\/4594\/revisions\/6188"}],"wp:attachment":[{"href":"https:\/\/mywatershedwatch.org\/es\/wp-json\/wp\/v2\/media?parent=4594"}],"curies":[{"name":"wp","href":"https:\/\/api.w.org\/{rel}","templated":true}]}}