{"id":2575,"date":"2023-12-26T23:37:36","date_gmt":"2023-12-26T23:37:36","guid":{"rendered":"http:\/\/mywatershedwatch.org\/encuentre-un-jardinero-ecologico\/"},"modified":"2024-05-01T17:23:50","modified_gmt":"2024-05-01T17:23:50","slug":"encuentre-un-jardinero-ecologico","status":"publish","type":"page","link":"https:\/\/mywatershedwatch.org\/es\/encuentre-un-jardinero-ecologico\/","title":{"rendered":"Encuentre un jardinero ecol\u00f3gico"},"content":{"rendered":"\n<div class=\"wp-block-columns is-layout-flex wp-container-core-columns-is-layout-9d6595d7 wp-block-columns-is-layout-flex\">\n<div class=\"wp-block-column is-layout-flow wp-block-column-is-layout-flow\">\n<p class=\"is-style-body-large\">\u00bfEs su jardinero un jardinero verde?<\/p>\n\n\n\n<p class=\"is-style-body-medium\">Contrate a un jardinero ecol\u00f3gico del Valle de Santa Clara para que mantenga su jard\u00edn utilizando pr\u00e1cticas sostenibles de mantenimiento paisaj\u00edstico.<\/p>\n\n\n\n<p class=\"is-style-body-medium\">Los Jardineros Verdes del Valle de Santa Clara han recibido formaci\u00f3n para:<\/p>\n\n\n\n<ul class=\"is-style-body-medium wp-block-list\">\n<li>Utilizar los recursos con prudencia<\/li>\n\n\n\n<li>conservar el agua<\/li>\n\n\n\n<li>proteger el suelo<\/li>\n\n\n\n<li>Mejorar la salud, el aspecto y el valor de los paisajes.<\/li>\n\n\n\n<li>Reducir la escorrent\u00eda urbana y la contaminaci\u00f3n de las aguas pluviales derivada de las actividades de mantenimiento del paisaje.<\/li>\n<\/ul>\n<\/div>\n\n\n\n<div class=\"wp-block-column is-layout-flow wp-block-column-is-layout-flow\">\n<figure class=\"wp-block-image size-large\"><img loading=\"lazy\" decoding=\"async\" width=\"925\" height=\"1024\" src=\"https:\/\/mywatershedwatch.org\/wp-content\/uploads\/2023\/12\/kenny-eliason-zFSo6bnZJTw-unsplash-1@2x-925x1024.jpg\" alt=\"\" class=\"wp-image-1038\" srcset=\"https:\/\/mywatershedwatch.org\/wp-content\/uploads\/2023\/12\/kenny-eliason-zFSo6bnZJTw-unsplash-1@2x-925x1024.jpg 925w, https:\/\/mywatershedwatch.org\/wp-content\/uploads\/2023\/12\/kenny-eliason-zFSo6bnZJTw-unsplash-1@2x-271x300.jpg 271w, https:\/\/mywatershedwatch.org\/wp-content\/uploads\/2023\/12\/kenny-eliason-zFSo6bnZJTw-unsplash-1@2x-768x851.jpg 768w, https:\/\/mywatershedwatch.org\/wp-content\/uploads\/2023\/12\/kenny-eliason-zFSo6bnZJTw-unsplash-1@2x.jpg 1134w\" sizes=\"auto, (max-width: 925px) 100vw, 925px\" \/><\/figure>\n<\/div>\n<\/div>\n","protected":false},"excerpt":{"rendered":"<p>\u00bfEs su jardinero un jardinero verde? Contrate a un jardinero ecol\u00f3gico del Valle de Santa Clara para que mantenga su jard\u00edn utilizando pr\u00e1cticas sostenibles de mantenimiento paisaj\u00edstico. Los Jardineros Verdes del Valle de Santa Clara han recibido formaci\u00f3n para:<\/p>\n","protected":false},"author":3,"featured_media":0,"parent":0,"menu_order":0,"comment_status":"closed","ping_status":"closed","template":"","meta":{"_acf_changed":false,"footnotes":""},"class_list":["post-2575","page","type-page","status-publish","hentry"],"acf":[],"aioseo_notices":[],"_links":{"self":[{"href":"https:\/\/mywatershedwatch.org\/es\/wp-json\/wp\/v2\/pages\/2575","targetHints":{"allow":["GET"]}}],"collection":[{"href":"https:\/\/mywatershedwatch.org\/es\/wp-json\/wp\/v2\/pages"}],"about":[{"href":"https:\/\/mywatershedwatch.org\/es\/wp-json\/wp\/v2\/types\/page"}],"author":[{"embeddable":true,"href":"https:\/\/mywatershedwatch.org\/es\/wp-json\/wp\/v2\/users\/3"}],"replies":[{"embeddable":true,"href":"https:\/\/mywatershedwatch.org\/es\/wp-json\/wp\/v2\/comments?post=2575"}],"version-history":[{"count":5,"href":"https:\/\/mywatershedwatch.org\/es\/wp-json\/wp\/v2\/pages\/2575\/revisions"}],"predecessor-version":[{"id":6316,"href":"https:\/\/mywatershedwatch.org\/es\/wp-json\/wp\/v2\/pages\/2575\/revisions\/6316"}],"wp:attachment":[{"href":"https:\/\/mywatershedwatch.org\/es\/wp-json\/wp\/v2\/media?parent=2575"}],"curies":[{"name":"wp","href":"https:\/\/api.w.org\/{rel}","templated":true}]}}