{"id":1961,"date":"2023-12-19T00:23:24","date_gmt":"2023-12-19T00:23:24","guid":{"rendered":"http:\/\/mywatershedwatch.org\/oportunidades-de-voluntariado\/"},"modified":"2024-05-14T16:49:05","modified_gmt":"2024-05-14T16:49:05","slug":"oportunidades-de-voluntariado","status":"publish","type":"page","link":"https:\/\/mywatershedwatch.org\/es\/oportunidades-de-voluntariado\/","title":{"rendered":"Oportunidades de voluntariado"},"content":{"rendered":"\n<div class=\"wp-block-group\"><div class=\"wp-block-group__inner-container is-layout-constrained wp-block-group-is-layout-constrained\">\n<div class=\"wp-block-columns is-layout-flex wp-container-core-columns-is-layout-9d6595d7 wp-block-columns-is-layout-flex\">\n<div class=\"wp-block-column is-layout-flow wp-block-column-is-layout-flow\">\n<p class=\"is-style-body-large\">\u00danase a sus vecinos para cuidar los arroyos, calles y desag\u00fces pluviales de su comunidad. Desde limpiezas hasta restauraci\u00f3n de senderos, hay algo que puedes hacer para ayudar a proteger la salud de la cuenca y de todas las personas, plantas y animales que dependen del agua limpia para prosperar.<\/p>\n<\/div>\n\n\n\n<div class=\"wp-block-column is-layout-flow wp-block-column-is-layout-flow\">\n<figure class=\"wp-block-image size-full\"><img loading=\"lazy\" decoding=\"async\" width=\"1920\" height=\"1080\" src=\"https:\/\/mywatershedwatch.org\/wp-content\/uploads\/2024\/02\/CSJ_Sharks_Mar2024_Litter_1920x1080.jpg\" alt=\"Ofr&#xE9;zcase como voluntario para limpiar la basura. Campa&#xF1;a de los San Jose Sharks\" class=\"wp-image-6119\" srcset=\"https:\/\/mywatershedwatch.org\/wp-content\/uploads\/2024\/02\/CSJ_Sharks_Mar2024_Litter_1920x1080.jpg 1920w, https:\/\/mywatershedwatch.org\/wp-content\/uploads\/2024\/02\/CSJ_Sharks_Mar2024_Litter_1920x1080-300x169.jpg 300w, https:\/\/mywatershedwatch.org\/wp-content\/uploads\/2024\/02\/CSJ_Sharks_Mar2024_Litter_1920x1080-1024x576.jpg 1024w, https:\/\/mywatershedwatch.org\/wp-content\/uploads\/2024\/02\/CSJ_Sharks_Mar2024_Litter_1920x1080-768x432.jpg 768w, https:\/\/mywatershedwatch.org\/wp-content\/uploads\/2024\/02\/CSJ_Sharks_Mar2024_Litter_1920x1080-1536x864.jpg 1536w\" sizes=\"auto, (max-width: 1920px) 100vw, 1920px\" \/><\/figure>\n<\/div>\n<\/div>\n\n\n<\/div><\/div>\n","protected":false},"excerpt":{"rendered":"<p>\u00danase a sus vecinos para cuidar los arroyos, calles y desag\u00fces pluviales de su comunidad. Desde limpiezas hasta restauraci\u00f3n de senderos, hay algo que puedes hacer para ayudar a proteger la salud de la cuenca y de todas las personas, plantas y animales que dependen del agua limpia para prosperar.<\/p>\n","protected":false},"author":3,"featured_media":0,"parent":0,"menu_order":0,"comment_status":"closed","ping_status":"closed","template":"","meta":{"_acf_changed":false,"footnotes":""},"class_list":["post-1961","page","type-page","status-publish","hentry"],"acf":[],"aioseo_notices":[],"_links":{"self":[{"href":"https:\/\/mywatershedwatch.org\/es\/wp-json\/wp\/v2\/pages\/1961","targetHints":{"allow":["GET"]}}],"collection":[{"href":"https:\/\/mywatershedwatch.org\/es\/wp-json\/wp\/v2\/pages"}],"about":[{"href":"https:\/\/mywatershedwatch.org\/es\/wp-json\/wp\/v2\/types\/page"}],"author":[{"embeddable":true,"href":"https:\/\/mywatershedwatch.org\/es\/wp-json\/wp\/v2\/users\/3"}],"replies":[{"embeddable":true,"href":"https:\/\/mywatershedwatch.org\/es\/wp-json\/wp\/v2\/comments?post=1961"}],"version-history":[{"count":9,"href":"https:\/\/mywatershedwatch.org\/es\/wp-json\/wp\/v2\/pages\/1961\/revisions"}],"predecessor-version":[{"id":6418,"href":"https:\/\/mywatershedwatch.org\/es\/wp-json\/wp\/v2\/pages\/1961\/revisions\/6418"}],"wp:attachment":[{"href":"https:\/\/mywatershedwatch.org\/es\/wp-json\/wp\/v2\/media?parent=1961"}],"curies":[{"name":"wp","href":"https:\/\/api.w.org\/{rel}","templated":true}]}}