{"id":1958,"date":"2023-12-19T00:26:42","date_gmt":"2023-12-19T00:26:42","guid":{"rendered":"http:\/\/mywatershedwatch.org\/socios-y-descuentos\/"},"modified":"2024-02-03T02:14:51","modified_gmt":"2024-02-03T02:14:51","slug":"socios-y-descuentos","status":"publish","type":"page","link":"https:\/\/mywatershedwatch.org\/es\/socios-y-descuentos\/","title":{"rendered":"Socios y descuentos"},"content":{"rendered":"\n<p class=\"is-style-body-large has-large-font-size\">La campa\u00f1a Watershed Watch es posible gracias a la colaboraci\u00f3n con organizaciones privadas, sin \u00e1nimo de lucro, gubernamentales y medios de comunicaci\u00f3n.  <\/p>\n\n<figure class=\"wp-block-image alignfull size-large\"><img loading=\"lazy\" decoding=\"async\" width=\"1024\" height=\"683\" src=\"https:\/\/mywatershedwatch.org\/wp-content\/uploads\/2023\/12\/avocet-at-alviso-marsh-1024x683.jpg\" alt=\"\" class=\"wp-image-958\" srcset=\"https:\/\/mywatershedwatch.org\/wp-content\/uploads\/2023\/12\/avocet-at-alviso-marsh-1024x683.jpg 1024w, https:\/\/mywatershedwatch.org\/wp-content\/uploads\/2023\/12\/avocet-at-alviso-marsh-300x200.jpg 300w, https:\/\/mywatershedwatch.org\/wp-content\/uploads\/2023\/12\/avocet-at-alviso-marsh-768x512.jpg 768w, https:\/\/mywatershedwatch.org\/wp-content\/uploads\/2023\/12\/avocet-at-alviso-marsh-1536x1024.jpg 1536w, https:\/\/mywatershedwatch.org\/wp-content\/uploads\/2023\/12\/avocet-at-alviso-marsh-scaled.jpg 2048w\" sizes=\"auto, (max-width: 1024px) 100vw, 1024px\" \/><\/figure>\n\n<p class=\"is-style-body-medium has-medium-font-size\">\u00bfQuiere asociarse y hacer saber a sus clientes que se preocupa por la contaminaci\u00f3n del agua? Si desea m\u00e1s informaci\u00f3n, <a href=\"https:\/\/www.mywatershedwatch.org\/contact-us\/\">p\u00f3ngase en contacto con nosotros<\/a> para hablar de c\u00f3mo podemos colaborar.<\/p>\n","protected":false},"excerpt":{"rendered":"<p>La campa\u00f1a Watershed Watch es posible gracias a la colaboraci\u00f3n con organizaciones privadas, sin \u00e1nimo de lucro, gubernamentales y medios de comunicaci\u00f3n. \u00bfQuiere asociarse y hacer saber a sus clientes que se preocupa por la contaminaci\u00f3n del agua? Si desea m\u00e1s informaci\u00f3n, p\u00f3ngase en contacto con nosotros para hablar de c\u00f3mo podemos colaborar.<\/p>\n","protected":false},"author":3,"featured_media":0,"parent":0,"menu_order":3,"comment_status":"closed","ping_status":"closed","template":"","meta":{"_acf_changed":false,"footnotes":""},"class_list":["post-1958","page","type-page","status-publish","hentry"],"acf":[],"aioseo_notices":[],"_links":{"self":[{"href":"https:\/\/mywatershedwatch.org\/es\/wp-json\/wp\/v2\/pages\/1958","targetHints":{"allow":["GET"]}}],"collection":[{"href":"https:\/\/mywatershedwatch.org\/es\/wp-json\/wp\/v2\/pages"}],"about":[{"href":"https:\/\/mywatershedwatch.org\/es\/wp-json\/wp\/v2\/types\/page"}],"author":[{"embeddable":true,"href":"https:\/\/mywatershedwatch.org\/es\/wp-json\/wp\/v2\/users\/3"}],"replies":[{"embeddable":true,"href":"https:\/\/mywatershedwatch.org\/es\/wp-json\/wp\/v2\/comments?post=1958"}],"version-history":[{"count":2,"href":"https:\/\/mywatershedwatch.org\/es\/wp-json\/wp\/v2\/pages\/1958\/revisions"}],"predecessor-version":[{"id":6083,"href":"https:\/\/mywatershedwatch.org\/es\/wp-json\/wp\/v2\/pages\/1958\/revisions\/6083"}],"wp:attachment":[{"href":"https:\/\/mywatershedwatch.org\/es\/wp-json\/wp\/v2\/media?parent=1958"}],"curies":[{"name":"wp","href":"https:\/\/api.w.org\/{rel}","templated":true}]}}