{"id":1699,"date":"2023-12-19T00:08:21","date_gmt":"2023-12-19T00:08:21","guid":{"rendered":"http:\/\/mywatershedwatch.org\/prevencion-de-la-basura\/"},"modified":"2024-01-18T22:14:29","modified_gmt":"2024-01-18T22:14:29","slug":"prevencion-de-la-basura","status":"publish","type":"page","link":"https:\/\/mywatershedwatch.org\/es\/prevencion-de-la-basura\/","title":{"rendered":"Prevenci\u00f3n de la basura"},"content":{"rendered":"\n<p class=\"has-text-align-left is-style-body-large\">Tirar basura es \u00abdestrozar\u00bb nuestro hogar y perjudicar a la fauna. Juntos podemos reducir la basura para crear espacios m\u00e1s sanos y comunidades m\u00e1s felices.  <\/p>\n\n<figure class=\"wp-block-image alignfull size-large\"><img loading=\"lazy\" decoding=\"async\" width=\"1024\" height=\"683\" src=\"https:\/\/mywatershedwatch.org\/wp-content\/uploads\/2023\/12\/picking-up-plastic-bottle-litter-from-creek-1024x683.jpg\" alt=\"\" class=\"wp-image-559\" srcset=\"https:\/\/mywatershedwatch.org\/wp-content\/uploads\/2023\/12\/picking-up-plastic-bottle-litter-from-creek-1024x683.jpg 1024w, https:\/\/mywatershedwatch.org\/wp-content\/uploads\/2023\/12\/picking-up-plastic-bottle-litter-from-creek-300x200.jpg 300w, https:\/\/mywatershedwatch.org\/wp-content\/uploads\/2023\/12\/picking-up-plastic-bottle-litter-from-creek-768x512.jpg 768w, https:\/\/mywatershedwatch.org\/wp-content\/uploads\/2023\/12\/picking-up-plastic-bottle-litter-from-creek-1536x1024.jpg 1536w, https:\/\/mywatershedwatch.org\/wp-content\/uploads\/2023\/12\/picking-up-plastic-bottle-litter-from-creek-scaled.jpg 2048w\" sizes=\"auto, (max-width: 1024px) 100vw, 1024px\" \/><\/figure>\n\n<p class=\"has-text-align-left is-style-body-medium\">Casi el 80% de la basura que llega a nuestros arroyos y a la Bah\u00eda es arrastrada por el agua, el viento o la tierra. Un trozo de basura puede acabar a kil\u00f3metros de donde se arroja. La basura contamina nuestras v\u00edas fluviales y amenaza la vida salvaje. La basura que permanece en la tierra tambi\u00e9n causa da\u00f1os al suelo, las plantas, los animales y las personas.<\/p>\n\n<h2 class=\"wp-block-heading\">C\u00f3mo la basura puede da\u00f1ar a los animales (\u00a1y tambi\u00e9n a las personas!)<\/h2>\n\n<p><\/p>\n\n<ul class=\"is-style-body-medium wp-block-list\">\n<li style=\"font-size:24px\">Los sedales y otros pl\u00e1sticos pueden enrollarse en las aletas y extremidades de los peces y otros animales del agua.<\/li>\n\n\n\n<li style=\"font-size:24px\">Las bolsas de pl\u00e1stico, los globos desinflados o los trozos de basura pueden confundirse con comida e ingerirse, obstruyendo el tracto digestivo del animal.<\/li>\n\n\n\n<li style=\"font-size:24px\">Las sustancias qu\u00edmicas presentes en los pl\u00e1sticos y otros residuos pueden filtrarse al agua y contaminarla a\u00fan m\u00e1s.<\/li>\n\n\n\n<li style=\"font-size:20px\">Un entorno sucio fomenta el vertido de basura y otros tipos de vandalismo.<\/li>\n<\/ul>\n\n<p><\/p>\n\n<h2 class=\"wp-block-heading\">C\u00f3mo se produce la basura<\/h2>\n\n<p class=\"is-style-body-medium\">Algunas basuras son intencionadas, causadas por personas que tiran basura al suelo o por las ventanillas de los coches. Otras basuras se producen de forma no intencionada, cayendo de camiones con cargas descubiertas, o cuando el viento arrastra la basura fuera de los contenedores de reciclaje y basura con las tapas abiertas, o de los muelles de carga y las obras de construcci\u00f3n. Todos los tipos de basura pueden prevenirse.<\/p>\n\n<figure class=\"wp-block-image size-large\"><img loading=\"lazy\" decoding=\"async\" width=\"1024\" height=\"791\" src=\"https:\/\/mywatershedwatch.org\/wp-content\/uploads\/2023\/12\/How-Trash-Gets-into-Creek-Poster-1024x791.jpg\" alt=\"\" class=\"wp-image-572\" srcset=\"https:\/\/mywatershedwatch.org\/wp-content\/uploads\/2023\/12\/How-Trash-Gets-into-Creek-Poster-1024x791.jpg 1024w, https:\/\/mywatershedwatch.org\/wp-content\/uploads\/2023\/12\/How-Trash-Gets-into-Creek-Poster-300x232.jpg 300w, https:\/\/mywatershedwatch.org\/wp-content\/uploads\/2023\/12\/How-Trash-Gets-into-Creek-Poster-768x593.jpg 768w, https:\/\/mywatershedwatch.org\/wp-content\/uploads\/2023\/12\/How-Trash-Gets-into-Creek-Poster-1536x1187.jpg 1536w, https:\/\/mywatershedwatch.org\/wp-content\/uploads\/2023\/12\/How-Trash-Gets-into-Creek-Poster.jpg 2000w\" sizes=\"auto, (max-width: 1024px) 100vw, 1024px\" \/><\/figure>\n\n<p class=\"is-style-body-medium has-medium-font-size\"><a href=\"\/wp-content\/uploads\/2023\/12\/How-Trash-Gets-into-Creek-Poster-School_May2014-hi-1.pdf\" target=\"_blank\" rel=\"noreferrer noopener\">Haga clic aqu\u00ed<\/a> para descargar este gr\u00e1fico que muestra c\u00f3mo acaba la basura en nuestros arroyos.<\/p>\n","protected":false},"excerpt":{"rendered":"<p>Tirar basura es \u00abdestrozar\u00bb nuestro hogar y perjudicar a la fauna. Juntos podemos reducir la basura para crear espacios m\u00e1s sanos y comunidades m\u00e1s felices. Casi el 80% de la basura que llega a nuestros arroyos y a la Bah\u00eda es arrastrada por el agua, el viento o la tierra. Un trozo de basura puede [&hellip;]<\/p>\n","protected":false},"author":3,"featured_media":0,"parent":0,"menu_order":1,"comment_status":"closed","ping_status":"closed","template":"","meta":{"_acf_changed":false,"footnotes":""},"class_list":["post-1699","page","type-page","status-publish","hentry"],"acf":[],"aioseo_notices":[],"_links":{"self":[{"href":"https:\/\/mywatershedwatch.org\/es\/wp-json\/wp\/v2\/pages\/1699","targetHints":{"allow":["GET"]}}],"collection":[{"href":"https:\/\/mywatershedwatch.org\/es\/wp-json\/wp\/v2\/pages"}],"about":[{"href":"https:\/\/mywatershedwatch.org\/es\/wp-json\/wp\/v2\/types\/page"}],"author":[{"embeddable":true,"href":"https:\/\/mywatershedwatch.org\/es\/wp-json\/wp\/v2\/users\/3"}],"replies":[{"embeddable":true,"href":"https:\/\/mywatershedwatch.org\/es\/wp-json\/wp\/v2\/comments?post=1699"}],"version-history":[{"count":0,"href":"https:\/\/mywatershedwatch.org\/es\/wp-json\/wp\/v2\/pages\/1699\/revisions"}],"wp:attachment":[{"href":"https:\/\/mywatershedwatch.org\/es\/wp-json\/wp\/v2\/media?parent=1699"}],"curies":[{"name":"wp","href":"https:\/\/api.w.org\/{rel}","templated":true}]}}