{"id":1648,"date":"2023-11-01T17:08:41","date_gmt":"2023-11-01T17:08:41","guid":{"rendered":"http:\/\/mywatershedwatch.org\/nuestra-mision\/"},"modified":"2024-01-04T23:55:21","modified_gmt":"2024-01-04T23:55:21","slug":"nuestra-mision","status":"publish","type":"page","link":"https:\/\/mywatershedwatch.org\/es\/nuestra-mision\/","title":{"rendered":"Nuestra misi\u00f3n"},"content":{"rendered":"\n\n<h2>Misi\u00f3n y visi\u00f3n<\/h2>\n\n\n<h6>Objetivos<\/h6>\n<p>Es un hecho comprobado desde hace tiempo que un lector se distrae del contenido legible de una p\u00e1gina cuando mira su dise\u00f1o. La raz\u00f3n de utilizar Lorem Ipsum es que tiene una distribuci\u00f3n m\u00e1s o menos normal de las letras, a diferencia de<\/p>\n\n\n<h6>Medio ambiente<\/h6>\n<p>Es un hecho comprobado desde hace tiempo que un lector se distrae del contenido legible de una p\u00e1gina cuando mira su dise\u00f1o. La raz\u00f3n de utilizar Lorem Ipsum es que tiene una distribuci\u00f3n m\u00e1s o menos normal de las letras, a diferencia de<\/p>\n\n\n\n\n\n\n\n\n\n<h4>Qu\u00edmica medioambiental<\/h4>\n\n\n<h4>Protecci\u00f3n del medio ambiente<\/h4>\n\n\n<h4>Cumplimiento de la normativa medioambiental<\/h4>\n\n\n\n\n\n<h4>\u00bfQu\u00e9 ofrecemos?<\/h4>\n<p>Hay muchas variaciones de pasajes de Lorem Ipsum disponibles, pero la mayor\u00eda han sufrido alteraciones de alg\u00fan tipo, inyect\u00e1ndoles humor o palabras aleatorias que no parecen ni m\u00ednimamente cre\u00edbles. Si va a utilizar un pasaje de Lorem Ipsum, debe asegurarse de que no haya nada embarazoso escondido en medio del texto.  <\/p>\n\n\n\n\n\n\n\n","protected":false},"excerpt":{"rendered":"","protected":false},"author":0,"featured_media":0,"parent":0,"menu_order":0,"comment_status":"closed","ping_status":"closed","template":"","meta":{"_acf_changed":false,"footnotes":""},"class_list":["post-1648","page","type-page","status-publish","hentry"],"acf":[],"aioseo_notices":[],"_links":{"self":[{"href":"https:\/\/mywatershedwatch.org\/es\/wp-json\/wp\/v2\/pages\/1648","targetHints":{"allow":["GET"]}}],"collection":[{"href":"https:\/\/mywatershedwatch.org\/es\/wp-json\/wp\/v2\/pages"}],"about":[{"href":"https:\/\/mywatershedwatch.org\/es\/wp-json\/wp\/v2\/types\/page"}],"replies":[{"embeddable":true,"href":"https:\/\/mywatershedwatch.org\/es\/wp-json\/wp\/v2\/comments?post=1648"}],"version-history":[{"count":0,"href":"https:\/\/mywatershedwatch.org\/es\/wp-json\/wp\/v2\/pages\/1648\/revisions"}],"wp:attachment":[{"href":"https:\/\/mywatershedwatch.org\/es\/wp-json\/wp\/v2\/media?parent=1648"}],"curies":[{"name":"wp","href":"https:\/\/api.w.org\/{rel}","templated":true}]}}